{"id":169,"date":"2016-07-11T20:48:20","date_gmt":"2016-07-11T19:48:20","guid":{"rendered":"http:\/\/jandokoupil.cz\/domains\/jandokoupil.cz\/?page_id=169"},"modified":"2022-01-15T14:41:47","modified_gmt":"2022-01-15T13:41:47","slug":"ftp-a-praxe-studentu","status":"publish","type":"page","link":"https:\/\/jandokoupil.cz\/domains\/jandokoupil.cz\/ftp-a-praxe-studentu\/","title":{"rendered":"TFP a&nbsp;praxe student\u016f"},"content":{"rendered":"<p>V&nbsp;ojedin\u011bl\u00fdch p\u0159\u00edpadech pracuji i&nbsp;formou FTP.<br \/>Poskytuji praxe student\u016fm.<\/p>\n<p>Mo\u017en\u00e1 m\u00e1te skv\u011bl\u00fd (\u0161\u00edlen\u00fd) n\u00e1pad na&nbsp;nev\u0161edn\u00ed fotku, ale nem\u00e1te techniku ani rutinu pro jeho zrealizov\u00e1n\u00ed.<br \/>Mo\u017en\u00e1 sn\u00edte o&nbsp;pr\u00e1ci modelu, ale nev\u00edte, jak za\u010d\u00edt.<br \/>Mo\u017en\u00e1 pot\u0159ebujete vypr\u00e1v\u011bt p\u0159\u00edb\u011bh, ale nem\u00e1te vhodn\u00e9 n\u00e1stroje.<br \/>Pokud m\u00e1te co \u0159\u00edct, pokud chcete pracovat a&nbsp;pot\u0159ebujete n\u00e1stroj, jsem tu pro V\u00e1s formou<strong>\u00a0TFP<\/strong> (time for prints &#8211; doslova \u201e\u010das za&nbsp;fotky\u201c).<\/p>\n<p>Je t\u00e9m\u011b\u0159 nezbytn\u00e9 se p\u0159ed takov\u00fdm fotografov\u00e1n\u00edm sej\u00edt a&nbsp;probrat, jak, kde a&nbsp;kdy bude fotografov\u00e1n\u00ed prob\u00edhat, d\u016fvod fotografov\u00e1n\u00ed, pou\u017eit\u00ed fotek, \u00fapravu fotek a&nbsp;v\u0161e kolem. To na&nbsp;\u010dem se domluv\u00edme, m\u016f\u017eeme zan\u00e9st do&nbsp;dohody, tzv. <strong>Model release<\/strong>. Osobn\u011b m\u00e1m velmi dobr\u00e9 zku\u0161enosti i&nbsp;s&nbsp;\u00fastn\u00ed formou dohody, p\u0159esto seps\u00e1n\u00ed p\u00edsemn\u00e9 dohody doporu\u010duji.<\/p>\n<p>Pokud m\u00e1te z\u00e1jem o&nbsp;tuto formu fotografov\u00e1n\u00ed, nev\u00e1hejte mne <a href=\"https:\/\/jandokoupil.cz\/domains\/jandokoupil.cz\/kontakt\/\">kontaktovat<\/a>.<\/p>\n<p><strong>Student\u016fm fotografick\u00fdch a&nbsp;medi\u00e1ln\u00edch obor\u016f poskytuji<\/strong> po&nbsp;p\u0159edchoz\u00ed domluv\u011b <strong>praktick\u00e9 st\u00e1\u017ee<\/strong> s&nbsp;potvrzen\u00edm o&nbsp;absolvov\u00e1n\u00ed odborn\u00e9 praxe nej\u010dast\u011bji ve&nbsp;Vala\u0161sk\u00e9m Mezi\u0159\u00ed\u010d\u00ed nebo jeho okol\u00ed.<br \/>Mohou se spolu\u00fa\u010dastnit na&nbsp;skute\u010dn\u00fdch zak\u00e1zk\u00e1ch v&nbsp;ter\u00e9nu nebo v&nbsp;ateli\u00e9ru, mohou si vyzkou\u0161et pr\u00e1ci s&nbsp;ciz\u00edm modelem. Podle stupn\u011b sv\u00e9ho z\u00e1jmu se studenti mohu dozv\u011bd\u011bt spoustu praktick\u00fdch rad a&nbsp;tip\u016f. A&nbsp;mohou si vyzkou\u0161et na&nbsp;vlastn\u00ed k\u016f\u017ei n\u00e1roky na&nbsp;fotografa p\u0159i realizaci zak\u00e1zek, kter\u00e9 ho \u017eiv\u00ed.<br \/>P\u0159i oboustrann\u00e9 spokojenosti je mo\u017en\u00e1 dlouhodob\u00e1 spolupr\u00e1ce.<\/p><\/p>\n","protected":false},"excerpt":{"rendered":"<p>V&nbsp;ojedin\u011bl\u00fdch p\u0159\u00edpadech pracuji i&nbsp;formou FTP.Poskytuji praxe student\u016fm. Mo\u017en\u00e1 m\u00e1te skv\u011bl\u00fd (\u0161\u00edlen\u00fd) n\u00e1pad na&nbsp;nev\u0161edn\u00ed fotku, ale nem\u00e1te techniku ani rutinu pro jeho zrealizov\u00e1n\u00ed.Mo\u017en\u00e1 sn\u00edte o&nbsp;pr\u00e1ci modelu, ale nev\u00edte, jak za\u010d\u00edt.Mo\u017en\u00e1 pot\u0159ebujete vypr\u00e1v\u011bt p\u0159\u00edb\u011bh, ale nem\u00e1te vhodn\u00e9 n\u00e1stroje.Pokud m\u00e1te co \u0159\u00edct, pokud chcete pracovat a&nbsp;pot\u0159ebujete n\u00e1stroj, jsem tu pro V\u00e1s formou\u00a0TFP (time for prints &#8211; doslova \u201e\u010das [&hellip;]<\/p>\n","protected":false},"author":1,"featured_media":0,"parent":0,"menu_order":0,"comment_status":"closed","ping_status":"closed","template":"","meta":{"footnotes":""},"class_list":["post-169","page","type-page","status-publish","hentry"],"yoast_head":"<!-- This site is optimized with the Yoast SEO plugin v25.0 - https:\/\/yoast.com\/wordpress\/plugins\/seo\/ -->\n<title>TFP a praxe student\u016f - Jan Dokoupil - fotograf - Vala\u0161sk\u00e9 Mezi\u0159\u00ed\u010d\u00ed<\/title>\n<meta name=\"description\" content=\"Poskytuji odbornou praxi student\u016fm fotografick\u00fdch a medi\u00e1ln\u00edch obor\u016f. Mohou si tak osahat re\u00e1ln\u00e9 situace bez rizika vlastn\u00ed zodpov\u011bdnosti.\" \/>\n<meta name=\"robots\" content=\"index, follow, max-snippet:-1, max-image-preview:large, max-video-preview:-1\" \/>\n<link rel=\"canonical\" href=\"https:\/\/jandokoupil.cz\/domains\/jandokoupil.cz\/ftp-a-praxe-studentu\/\" \/>\n<meta property=\"og:locale\" content=\"cs_CZ\" \/>\n<meta property=\"og:type\" content=\"article\" \/>\n<meta property=\"og:title\" content=\"TFP a praxe student\u016f - Jan Dokoupil - fotograf - Vala\u0161sk\u00e9 Mezi\u0159\u00ed\u010d\u00ed\" \/>\n<meta property=\"og:description\" content=\"Poskytuji odbornou praxi student\u016fm fotografick\u00fdch a medi\u00e1ln\u00edch obor\u016f. Mohou si tak osahat re\u00e1ln\u00e9 situace bez rizika vlastn\u00ed zodpov\u011bdnosti.\" \/>\n<meta property=\"og:url\" content=\"https:\/\/jandokoupil.cz\/domains\/jandokoupil.cz\/ftp-a-praxe-studentu\/\" \/>\n<meta property=\"og:site_name\" content=\"Jan Dokoupil - fotograf - Vala\u0161sk\u00e9 Mezi\u0159\u00ed\u010d\u00ed\" \/>\n<meta property=\"article:modified_time\" content=\"2022-01-15T13:41:47+00:00\" \/>\n<meta name=\"twitter:card\" content=\"summary_large_image\" \/>\n<meta name=\"twitter:label1\" content=\"Odhadovan\u00e1 doba \u010dten\u00ed\" \/>\n\t<meta name=\"twitter:data1\" content=\"2 minuty\" \/>\n<script type=\"application\/ld+json\" class=\"yoast-schema-graph\">{\"@context\":\"https:\/\/schema.org\",\"@graph\":[{\"@type\":\"WebPage\",\"@id\":\"https:\/\/jandokoupil.cz\/domains\/jandokoupil.cz\/ftp-a-praxe-studentu\/\",\"url\":\"https:\/\/jandokoupil.cz\/domains\/jandokoupil.cz\/ftp-a-praxe-studentu\/\",\"name\":\"TFP a praxe student\u016f - Jan Dokoupil - fotograf - Vala\u0161sk\u00e9 Mezi\u0159\u00ed\u010d\u00ed\",\"isPartOf\":{\"@id\":\"https:\/\/jandokoupil.cz\/domains\/jandokoupil.cz\/#website\"},\"datePublished\":\"2016-07-11T19:48:20+00:00\",\"dateModified\":\"2022-01-15T13:41:47+00:00\",\"description\":\"Poskytuji odbornou praxi student\u016fm fotografick\u00fdch a medi\u00e1ln\u00edch obor\u016f. Mohou si tak osahat re\u00e1ln\u00e9 situace bez rizika vlastn\u00ed zodpov\u011bdnosti.\",\"breadcrumb\":{\"@id\":\"https:\/\/jandokoupil.cz\/domains\/jandokoupil.cz\/ftp-a-praxe-studentu\/#breadcrumb\"},\"inLanguage\":\"cs\",\"potentialAction\":[{\"@type\":\"ReadAction\",\"target\":[\"https:\/\/jandokoupil.cz\/domains\/jandokoupil.cz\/ftp-a-praxe-studentu\/\"]}]},{\"@type\":\"BreadcrumbList\",\"@id\":\"https:\/\/jandokoupil.cz\/domains\/jandokoupil.cz\/ftp-a-praxe-studentu\/#breadcrumb\",\"itemListElement\":[{\"@type\":\"ListItem\",\"position\":1,\"name\":\"Dom\u016f\",\"item\":\"https:\/\/jandokoupil.cz\/domains\/jandokoupil.cz\/\"},{\"@type\":\"ListItem\",\"position\":2,\"name\":\"TFP a&nbsp;praxe student\u016f\"}]},{\"@type\":\"WebSite\",\"@id\":\"https:\/\/jandokoupil.cz\/domains\/jandokoupil.cz\/#website\",\"url\":\"https:\/\/jandokoupil.cz\/domains\/jandokoupil.cz\/\",\"name\":\"Jan Dokoupil - fotograf - Vala\u0161sk\u00e9 Mezi\u0159\u00ed\u010d\u00ed\",\"description\":\"Svatebn\u00ed, portr\u00e9tn\u00ed a report\u00e1\u017en\u00ed fotograf z Vala\u0161sk\u00e9ho Mezi\u0159\u00ed\u010d\u00ed\",\"publisher\":{\"@id\":\"https:\/\/jandokoupil.cz\/domains\/jandokoupil.cz\/#\/schema\/person\/04117bbee5ba0265e2a8c88262d6233a\"},\"potentialAction\":[{\"@type\":\"SearchAction\",\"target\":{\"@type\":\"EntryPoint\",\"urlTemplate\":\"https:\/\/jandokoupil.cz\/domains\/jandokoupil.cz\/?s={search_term_string}\"},\"query-input\":{\"@type\":\"PropertyValueSpecification\",\"valueRequired\":true,\"valueName\":\"search_term_string\"}}],\"inLanguage\":\"cs\"},{\"@type\":[\"Person\",\"Organization\"],\"@id\":\"https:\/\/jandokoupil.cz\/domains\/jandokoupil.cz\/#\/schema\/person\/04117bbee5ba0265e2a8c88262d6233a\",\"name\":\"Jan Dokoupil\",\"image\":{\"@type\":\"ImageObject\",\"inLanguage\":\"cs\",\"@id\":\"https:\/\/jandokoupil.cz\/domains\/jandokoupil.cz\/#\/schema\/person\/image\/\",\"url\":\"http:\/\/jandokoupil.cz\/domains\/jandokoupil.cz\/wp-content\/uploads\/2017\/01\/cropped-fav2.jpg\",\"contentUrl\":\"http:\/\/jandokoupil.cz\/domains\/jandokoupil.cz\/wp-content\/uploads\/2017\/01\/cropped-fav2.jpg\",\"width\":512,\"height\":512,\"caption\":\"Jan Dokoupil\"},\"logo\":{\"@id\":\"https:\/\/jandokoupil.cz\/domains\/jandokoupil.cz\/#\/schema\/person\/image\/\"}}]}<\/script>\n<!-- \/ Yoast SEO plugin. -->","yoast_head_json":{"title":"TFP a praxe student\u016f - Jan Dokoupil - fotograf - Vala\u0161sk\u00e9 Mezi\u0159\u00ed\u010d\u00ed","description":"Poskytuji odbornou praxi student\u016fm fotografick\u00fdch a medi\u00e1ln\u00edch obor\u016f. Mohou si tak osahat re\u00e1ln\u00e9 situace bez rizika vlastn\u00ed zodpov\u011bdnosti.","robots":{"index":"index","follow":"follow","max-snippet":"max-snippet:-1","max-image-preview":"max-image-preview:large","max-video-preview":"max-video-preview:-1"},"canonical":"https:\/\/jandokoupil.cz\/domains\/jandokoupil.cz\/ftp-a-praxe-studentu\/","og_locale":"cs_CZ","og_type":"article","og_title":"TFP a praxe student\u016f - Jan Dokoupil - fotograf - Vala\u0161sk\u00e9 Mezi\u0159\u00ed\u010d\u00ed","og_description":"Poskytuji odbornou praxi student\u016fm fotografick\u00fdch a medi\u00e1ln\u00edch obor\u016f. Mohou si tak osahat re\u00e1ln\u00e9 situace bez rizika vlastn\u00ed zodpov\u011bdnosti.","og_url":"https:\/\/jandokoupil.cz\/domains\/jandokoupil.cz\/ftp-a-praxe-studentu\/","og_site_name":"Jan Dokoupil - fotograf - Vala\u0161sk\u00e9 Mezi\u0159\u00ed\u010d\u00ed","article_modified_time":"2022-01-15T13:41:47+00:00","twitter_card":"summary_large_image","twitter_misc":{"Odhadovan\u00e1 doba \u010dten\u00ed":"2 minuty"},"schema":{"@context":"https:\/\/schema.org","@graph":[{"@type":"WebPage","@id":"https:\/\/jandokoupil.cz\/domains\/jandokoupil.cz\/ftp-a-praxe-studentu\/","url":"https:\/\/jandokoupil.cz\/domains\/jandokoupil.cz\/ftp-a-praxe-studentu\/","name":"TFP a praxe student\u016f - Jan Dokoupil - fotograf - Vala\u0161sk\u00e9 Mezi\u0159\u00ed\u010d\u00ed","isPartOf":{"@id":"https:\/\/jandokoupil.cz\/domains\/jandokoupil.cz\/#website"},"datePublished":"2016-07-11T19:48:20+00:00","dateModified":"2022-01-15T13:41:47+00:00","description":"Poskytuji odbornou praxi student\u016fm fotografick\u00fdch a medi\u00e1ln\u00edch obor\u016f. Mohou si tak osahat re\u00e1ln\u00e9 situace bez rizika vlastn\u00ed zodpov\u011bdnosti.","breadcrumb":{"@id":"https:\/\/jandokoupil.cz\/domains\/jandokoupil.cz\/ftp-a-praxe-studentu\/#breadcrumb"},"inLanguage":"cs","potentialAction":[{"@type":"ReadAction","target":["https:\/\/jandokoupil.cz\/domains\/jandokoupil.cz\/ftp-a-praxe-studentu\/"]}]},{"@type":"BreadcrumbList","@id":"https:\/\/jandokoupil.cz\/domains\/jandokoupil.cz\/ftp-a-praxe-studentu\/#breadcrumb","itemListElement":[{"@type":"ListItem","position":1,"name":"Dom\u016f","item":"https:\/\/jandokoupil.cz\/domains\/jandokoupil.cz\/"},{"@type":"ListItem","position":2,"name":"TFP a&nbsp;praxe student\u016f"}]},{"@type":"WebSite","@id":"https:\/\/jandokoupil.cz\/domains\/jandokoupil.cz\/#website","url":"https:\/\/jandokoupil.cz\/domains\/jandokoupil.cz\/","name":"Jan Dokoupil - fotograf - Vala\u0161sk\u00e9 Mezi\u0159\u00ed\u010d\u00ed","description":"Svatebn\u00ed, portr\u00e9tn\u00ed a report\u00e1\u017en\u00ed fotograf z Vala\u0161sk\u00e9ho Mezi\u0159\u00ed\u010d\u00ed","publisher":{"@id":"https:\/\/jandokoupil.cz\/domains\/jandokoupil.cz\/#\/schema\/person\/04117bbee5ba0265e2a8c88262d6233a"},"potentialAction":[{"@type":"SearchAction","target":{"@type":"EntryPoint","urlTemplate":"https:\/\/jandokoupil.cz\/domains\/jandokoupil.cz\/?s={search_term_string}"},"query-input":{"@type":"PropertyValueSpecification","valueRequired":true,"valueName":"search_term_string"}}],"inLanguage":"cs"},{"@type":["Person","Organization"],"@id":"https:\/\/jandokoupil.cz\/domains\/jandokoupil.cz\/#\/schema\/person\/04117bbee5ba0265e2a8c88262d6233a","name":"Jan Dokoupil","image":{"@type":"ImageObject","inLanguage":"cs","@id":"https:\/\/jandokoupil.cz\/domains\/jandokoupil.cz\/#\/schema\/person\/image\/","url":"http:\/\/jandokoupil.cz\/domains\/jandokoupil.cz\/wp-content\/uploads\/2017\/01\/cropped-fav2.jpg","contentUrl":"http:\/\/jandokoupil.cz\/domains\/jandokoupil.cz\/wp-content\/uploads\/2017\/01\/cropped-fav2.jpg","width":512,"height":512,"caption":"Jan Dokoupil"},"logo":{"@id":"https:\/\/jandokoupil.cz\/domains\/jandokoupil.cz\/#\/schema\/person\/image\/"}}]}},"_links":{"self":[{"href":"https:\/\/jandokoupil.cz\/domains\/jandokoupil.cz\/wp-json\/wp\/v2\/pages\/169"}],"collection":[{"href":"https:\/\/jandokoupil.cz\/domains\/jandokoupil.cz\/wp-json\/wp\/v2\/pages"}],"about":[{"href":"https:\/\/jandokoupil.cz\/domains\/jandokoupil.cz\/wp-json\/wp\/v2\/types\/page"}],"author":[{"embeddable":true,"href":"https:\/\/jandokoupil.cz\/domains\/jandokoupil.cz\/wp-json\/wp\/v2\/users\/1"}],"replies":[{"embeddable":true,"href":"https:\/\/jandokoupil.cz\/domains\/jandokoupil.cz\/wp-json\/wp\/v2\/comments?post=169"}],"version-history":[{"count":16,"href":"https:\/\/jandokoupil.cz\/domains\/jandokoupil.cz\/wp-json\/wp\/v2\/pages\/169\/revisions"}],"predecessor-version":[{"id":950,"href":"https:\/\/jandokoupil.cz\/domains\/jandokoupil.cz\/wp-json\/wp\/v2\/pages\/169\/revisions\/950"}],"wp:attachment":[{"href":"https:\/\/jandokoupil.cz\/domains\/jandokoupil.cz\/wp-json\/wp\/v2\/media?parent=169"}],"curies":[{"name":"wp","href":"https:\/\/api.w.org\/{rel}","templated":true}]}}