{"id":211,"date":"2016-07-22T22:26:14","date_gmt":"2016-07-22T21:26:14","guid":{"rendered":"http:\/\/jandokoupil.cz\/domains\/jandokoupil.cz\/?page_id=211"},"modified":"2022-10-18T11:41:07","modified_gmt":"2022-10-18T10:41:07","slug":"pribehy-fotografie","status":"publish","type":"page","link":"https:\/\/jandokoupil.cz\/domains\/jandokoupil.cz\/pribehy-fotografie\/","title":{"rendered":"Blog fotografa"},"content":{"rendered":"<p><strong>Blog pro v\u0161echny\u00a0z v\u00e1s, kter\u00e9 zaj\u00edm\u00e1, jak vznikly n\u011bkter\u00e9 z&nbsp;m\u00fdch fotografi\u00ed.<\/strong> Tak\u00e9 pro za\u010d\u00ednaj\u00edc\u00ed nebo m\u00edrn\u011b pokro\u010dil\u00e9 fotografy. Dozv\u00edte se, jak byl p\u0159i fotografov\u00e1n\u00ed nastaven m\u016fj fotoapar\u00e1t. P\u0159\u00edpadn\u011b jak\u00e9 bylo pou\u017eito\u00a0osv\u011btlen\u00ed. Nebo jestli bylo pot\u0159eba n\u011bco zvl\u00e1\u0161tn\u00edho.<\/p>\n<p>Z\u00e1rove\u0148 je to <strong>blog pro nev\u011bsty<\/strong>. Dozv\u00ed se, jak prob\u00edh\u00e1 svatebn\u00ed den z&nbsp;pohledu fotografa. Na&nbsp;co v\u0161echno by spr\u00e1vn\u00fd <strong>svatebn\u00ed fotograf<\/strong> nem\u011bl zapom\u00ednat. A&nbsp;co by od n\u011bj m\u011bly o\u010dek\u00e1vat.<\/p>\n<p>To v\u0161e v&nbsp;kr\u00e1tk\u00fdch p\u0159\u00edb\u011bz\u00edch, kter\u00e9 se v\u00e1\u017eou k&nbsp;vzniku jednotliv\u00fdch fotografi\u00ed.<\/p>\n","protected":false},"excerpt":{"rendered":"<p>Blog pro v\u0161echny\u00a0z v\u00e1s, kter\u00e9 zaj\u00edm\u00e1, jak vznikly n\u011bkter\u00e9 z&nbsp;m\u00fdch fotografi\u00ed. Tak\u00e9 pro za\u010d\u00ednaj\u00edc\u00ed nebo m\u00edrn\u011b pokro\u010dil\u00e9 fotografy. Dozv\u00edte se, jak byl p\u0159i fotografov\u00e1n\u00ed nastaven m\u016fj fotoapar\u00e1t. P\u0159\u00edpadn\u011b jak\u00e9 bylo pou\u017eito\u00a0osv\u011btlen\u00ed. Nebo jestli bylo pot\u0159eba n\u011bco zvl\u00e1\u0161tn\u00edho. Z\u00e1rove\u0148 je to blog pro nev\u011bsty. Dozv\u00ed se, jak prob\u00edh\u00e1 svatebn\u00ed den z&nbsp;pohledu fotografa. Na&nbsp;co v\u0161echno by spr\u00e1vn\u00fd [&hellip;]<\/p>\n","protected":false},"author":1,"featured_media":0,"parent":0,"menu_order":0,"comment_status":"closed","ping_status":"closed","template":"blog.php","meta":{"footnotes":""},"class_list":["post-211","page","type-page","status-publish","hentry"],"yoast_head":"<!-- This site is optimized with the Yoast SEO plugin v25.0 - https:\/\/yoast.com\/wordpress\/plugins\/seo\/ -->\n<title>Blog fotografa - Jan Dokoupil - fotograf - Vala\u0161sk\u00e9 Mezi\u0159\u00ed\u010d\u00ed<\/title>\n<meta name=\"description\" content=\"Blog jednoho fotografa z Vala\u0161sk\u00e9ho Mezi\u0159\u00ed\u010d\u00ed pro svatebn\u00ed fotografy, nev\u011bsty, portr\u00e9tn\u00ed a report\u00e1\u017en\u00ed fotografy, p\u0159\u00edznivce fotografie...\" \/>\n<meta name=\"robots\" content=\"index, follow, max-snippet:-1, max-image-preview:large, max-video-preview:-1\" \/>\n<link rel=\"canonical\" href=\"https:\/\/jandokoupil.cz\/domains\/jandokoupil.cz\/pribehy-fotografie\/\" \/>\n<meta property=\"og:locale\" content=\"cs_CZ\" \/>\n<meta property=\"og:type\" content=\"article\" \/>\n<meta property=\"og:title\" content=\"Blog fotografa - Jan Dokoupil - fotograf - Vala\u0161sk\u00e9 Mezi\u0159\u00ed\u010d\u00ed\" \/>\n<meta property=\"og:description\" content=\"Blog jednoho fotografa z Vala\u0161sk\u00e9ho Mezi\u0159\u00ed\u010d\u00ed pro svatebn\u00ed fotografy, nev\u011bsty, portr\u00e9tn\u00ed a report\u00e1\u017en\u00ed fotografy, p\u0159\u00edznivce fotografie...\" \/>\n<meta property=\"og:url\" content=\"https:\/\/jandokoupil.cz\/domains\/jandokoupil.cz\/pribehy-fotografie\/\" \/>\n<meta property=\"og:site_name\" content=\"Jan Dokoupil - fotograf - Vala\u0161sk\u00e9 Mezi\u0159\u00ed\u010d\u00ed\" \/>\n<meta property=\"article:modified_time\" content=\"2022-10-18T10:41:07+00:00\" \/>\n<meta name=\"twitter:card\" content=\"summary_large_image\" \/>\n<meta name=\"twitter:label1\" content=\"Odhadovan\u00e1 doba \u010dten\u00ed\" \/>\n\t<meta name=\"twitter:data1\" content=\"1 minuta\" \/>\n<script type=\"application\/ld+json\" class=\"yoast-schema-graph\">{\"@context\":\"https:\/\/schema.org\",\"@graph\":[{\"@type\":\"WebPage\",\"@id\":\"https:\/\/jandokoupil.cz\/domains\/jandokoupil.cz\/pribehy-fotografie\/\",\"url\":\"https:\/\/jandokoupil.cz\/domains\/jandokoupil.cz\/pribehy-fotografie\/\",\"name\":\"Blog fotografa - Jan Dokoupil - fotograf - Vala\u0161sk\u00e9 Mezi\u0159\u00ed\u010d\u00ed\",\"isPartOf\":{\"@id\":\"https:\/\/jandokoupil.cz\/domains\/jandokoupil.cz\/#website\"},\"datePublished\":\"2016-07-22T21:26:14+00:00\",\"dateModified\":\"2022-10-18T10:41:07+00:00\",\"description\":\"Blog jednoho fotografa z Vala\u0161sk\u00e9ho Mezi\u0159\u00ed\u010d\u00ed pro svatebn\u00ed fotografy, nev\u011bsty, portr\u00e9tn\u00ed a report\u00e1\u017en\u00ed fotografy, p\u0159\u00edznivce fotografie...\",\"breadcrumb\":{\"@id\":\"https:\/\/jandokoupil.cz\/domains\/jandokoupil.cz\/pribehy-fotografie\/#breadcrumb\"},\"inLanguage\":\"cs\",\"potentialAction\":[{\"@type\":\"ReadAction\",\"target\":[\"https:\/\/jandokoupil.cz\/domains\/jandokoupil.cz\/pribehy-fotografie\/\"]}]},{\"@type\":\"BreadcrumbList\",\"@id\":\"https:\/\/jandokoupil.cz\/domains\/jandokoupil.cz\/pribehy-fotografie\/#breadcrumb\",\"itemListElement\":[{\"@type\":\"ListItem\",\"position\":1,\"name\":\"Dom\u016f\",\"item\":\"https:\/\/jandokoupil.cz\/domains\/jandokoupil.cz\/\"},{\"@type\":\"ListItem\",\"position\":2,\"name\":\"Blog fotografa\"}]},{\"@type\":\"WebSite\",\"@id\":\"https:\/\/jandokoupil.cz\/domains\/jandokoupil.cz\/#website\",\"url\":\"https:\/\/jandokoupil.cz\/domains\/jandokoupil.cz\/\",\"name\":\"Jan Dokoupil - fotograf - Vala\u0161sk\u00e9 Mezi\u0159\u00ed\u010d\u00ed\",\"description\":\"Svatebn\u00ed, portr\u00e9tn\u00ed a report\u00e1\u017en\u00ed fotograf z Vala\u0161sk\u00e9ho Mezi\u0159\u00ed\u010d\u00ed\",\"publisher\":{\"@id\":\"https:\/\/jandokoupil.cz\/domains\/jandokoupil.cz\/#\/schema\/person\/04117bbee5ba0265e2a8c88262d6233a\"},\"potentialAction\":[{\"@type\":\"SearchAction\",\"target\":{\"@type\":\"EntryPoint\",\"urlTemplate\":\"https:\/\/jandokoupil.cz\/domains\/jandokoupil.cz\/?s={search_term_string}\"},\"query-input\":{\"@type\":\"PropertyValueSpecification\",\"valueRequired\":true,\"valueName\":\"search_term_string\"}}],\"inLanguage\":\"cs\"},{\"@type\":[\"Person\",\"Organization\"],\"@id\":\"https:\/\/jandokoupil.cz\/domains\/jandokoupil.cz\/#\/schema\/person\/04117bbee5ba0265e2a8c88262d6233a\",\"name\":\"Jan Dokoupil\",\"image\":{\"@type\":\"ImageObject\",\"inLanguage\":\"cs\",\"@id\":\"https:\/\/jandokoupil.cz\/domains\/jandokoupil.cz\/#\/schema\/person\/image\/\",\"url\":\"http:\/\/jandokoupil.cz\/domains\/jandokoupil.cz\/wp-content\/uploads\/2017\/01\/cropped-fav2.jpg\",\"contentUrl\":\"http:\/\/jandokoupil.cz\/domains\/jandokoupil.cz\/wp-content\/uploads\/2017\/01\/cropped-fav2.jpg\",\"width\":512,\"height\":512,\"caption\":\"Jan Dokoupil\"},\"logo\":{\"@id\":\"https:\/\/jandokoupil.cz\/domains\/jandokoupil.cz\/#\/schema\/person\/image\/\"}}]}<\/script>\n<!-- \/ Yoast SEO plugin. -->","yoast_head_json":{"title":"Blog fotografa - Jan Dokoupil - fotograf - Vala\u0161sk\u00e9 Mezi\u0159\u00ed\u010d\u00ed","description":"Blog jednoho fotografa z Vala\u0161sk\u00e9ho Mezi\u0159\u00ed\u010d\u00ed pro svatebn\u00ed fotografy, nev\u011bsty, portr\u00e9tn\u00ed a report\u00e1\u017en\u00ed fotografy, p\u0159\u00edznivce fotografie...","robots":{"index":"index","follow":"follow","max-snippet":"max-snippet:-1","max-image-preview":"max-image-preview:large","max-video-preview":"max-video-preview:-1"},"canonical":"https:\/\/jandokoupil.cz\/domains\/jandokoupil.cz\/pribehy-fotografie\/","og_locale":"cs_CZ","og_type":"article","og_title":"Blog fotografa - Jan Dokoupil - fotograf - Vala\u0161sk\u00e9 Mezi\u0159\u00ed\u010d\u00ed","og_description":"Blog jednoho fotografa z Vala\u0161sk\u00e9ho Mezi\u0159\u00ed\u010d\u00ed pro svatebn\u00ed fotografy, nev\u011bsty, portr\u00e9tn\u00ed a report\u00e1\u017en\u00ed fotografy, p\u0159\u00edznivce fotografie...","og_url":"https:\/\/jandokoupil.cz\/domains\/jandokoupil.cz\/pribehy-fotografie\/","og_site_name":"Jan Dokoupil - fotograf - Vala\u0161sk\u00e9 Mezi\u0159\u00ed\u010d\u00ed","article_modified_time":"2022-10-18T10:41:07+00:00","twitter_card":"summary_large_image","twitter_misc":{"Odhadovan\u00e1 doba \u010dten\u00ed":"1 minuta"},"schema":{"@context":"https:\/\/schema.org","@graph":[{"@type":"WebPage","@id":"https:\/\/jandokoupil.cz\/domains\/jandokoupil.cz\/pribehy-fotografie\/","url":"https:\/\/jandokoupil.cz\/domains\/jandokoupil.cz\/pribehy-fotografie\/","name":"Blog fotografa - Jan Dokoupil - fotograf - Vala\u0161sk\u00e9 Mezi\u0159\u00ed\u010d\u00ed","isPartOf":{"@id":"https:\/\/jandokoupil.cz\/domains\/jandokoupil.cz\/#website"},"datePublished":"2016-07-22T21:26:14+00:00","dateModified":"2022-10-18T10:41:07+00:00","description":"Blog jednoho fotografa z Vala\u0161sk\u00e9ho Mezi\u0159\u00ed\u010d\u00ed pro svatebn\u00ed fotografy, nev\u011bsty, portr\u00e9tn\u00ed a report\u00e1\u017en\u00ed fotografy, p\u0159\u00edznivce fotografie...","breadcrumb":{"@id":"https:\/\/jandokoupil.cz\/domains\/jandokoupil.cz\/pribehy-fotografie\/#breadcrumb"},"inLanguage":"cs","potentialAction":[{"@type":"ReadAction","target":["https:\/\/jandokoupil.cz\/domains\/jandokoupil.cz\/pribehy-fotografie\/"]}]},{"@type":"BreadcrumbList","@id":"https:\/\/jandokoupil.cz\/domains\/jandokoupil.cz\/pribehy-fotografie\/#breadcrumb","itemListElement":[{"@type":"ListItem","position":1,"name":"Dom\u016f","item":"https:\/\/jandokoupil.cz\/domains\/jandokoupil.cz\/"},{"@type":"ListItem","position":2,"name":"Blog fotografa"}]},{"@type":"WebSite","@id":"https:\/\/jandokoupil.cz\/domains\/jandokoupil.cz\/#website","url":"https:\/\/jandokoupil.cz\/domains\/jandokoupil.cz\/","name":"Jan Dokoupil - fotograf - Vala\u0161sk\u00e9 Mezi\u0159\u00ed\u010d\u00ed","description":"Svatebn\u00ed, portr\u00e9tn\u00ed a report\u00e1\u017en\u00ed fotograf z Vala\u0161sk\u00e9ho Mezi\u0159\u00ed\u010d\u00ed","publisher":{"@id":"https:\/\/jandokoupil.cz\/domains\/jandokoupil.cz\/#\/schema\/person\/04117bbee5ba0265e2a8c88262d6233a"},"potentialAction":[{"@type":"SearchAction","target":{"@type":"EntryPoint","urlTemplate":"https:\/\/jandokoupil.cz\/domains\/jandokoupil.cz\/?s={search_term_string}"},"query-input":{"@type":"PropertyValueSpecification","valueRequired":true,"valueName":"search_term_string"}}],"inLanguage":"cs"},{"@type":["Person","Organization"],"@id":"https:\/\/jandokoupil.cz\/domains\/jandokoupil.cz\/#\/schema\/person\/04117bbee5ba0265e2a8c88262d6233a","name":"Jan Dokoupil","image":{"@type":"ImageObject","inLanguage":"cs","@id":"https:\/\/jandokoupil.cz\/domains\/jandokoupil.cz\/#\/schema\/person\/image\/","url":"http:\/\/jandokoupil.cz\/domains\/jandokoupil.cz\/wp-content\/uploads\/2017\/01\/cropped-fav2.jpg","contentUrl":"http:\/\/jandokoupil.cz\/domains\/jandokoupil.cz\/wp-content\/uploads\/2017\/01\/cropped-fav2.jpg","width":512,"height":512,"caption":"Jan Dokoupil"},"logo":{"@id":"https:\/\/jandokoupil.cz\/domains\/jandokoupil.cz\/#\/schema\/person\/image\/"}}]}},"_links":{"self":[{"href":"https:\/\/jandokoupil.cz\/domains\/jandokoupil.cz\/wp-json\/wp\/v2\/pages\/211"}],"collection":[{"href":"https:\/\/jandokoupil.cz\/domains\/jandokoupil.cz\/wp-json\/wp\/v2\/pages"}],"about":[{"href":"https:\/\/jandokoupil.cz\/domains\/jandokoupil.cz\/wp-json\/wp\/v2\/types\/page"}],"author":[{"embeddable":true,"href":"https:\/\/jandokoupil.cz\/domains\/jandokoupil.cz\/wp-json\/wp\/v2\/users\/1"}],"replies":[{"embeddable":true,"href":"https:\/\/jandokoupil.cz\/domains\/jandokoupil.cz\/wp-json\/wp\/v2\/comments?post=211"}],"version-history":[{"count":14,"href":"https:\/\/jandokoupil.cz\/domains\/jandokoupil.cz\/wp-json\/wp\/v2\/pages\/211\/revisions"}],"predecessor-version":[{"id":1015,"href":"https:\/\/jandokoupil.cz\/domains\/jandokoupil.cz\/wp-json\/wp\/v2\/pages\/211\/revisions\/1015"}],"wp:attachment":[{"href":"https:\/\/jandokoupil.cz\/domains\/jandokoupil.cz\/wp-json\/wp\/v2\/media?parent=211"}],"curies":[{"name":"wp","href":"https:\/\/api.w.org\/{rel}","templated":true}]}}