{"id":278,"date":"2016-09-12T19:45:30","date_gmt":"2016-09-12T18:45:30","guid":{"rendered":"http:\/\/jandokoupil.cz\/domains\/jandokoupil.cz\/?page_id=278"},"modified":"2021-05-17T10:25:26","modified_gmt":"2021-05-17T09:25:26","slug":"vseobecne-podminky","status":"publish","type":"page","link":"https:\/\/jandokoupil.cz\/domains\/jandokoupil.cz\/vseobecne-podminky\/","title":{"rendered":"V\u0161eobecn\u00e9 podm\u00ednky"},"content":{"rendered":"<ul>\n<li>Fotograf p\u0159ed\u00e1 klientovi n\u00e1hledy po\u0159\u00edzen\u00fdch fotografi\u00ed v&nbsp;elektronick\u00e9 podob\u011b do&nbsp;p\u011bti pracovn\u00edch dn\u016f od ukon\u010den\u00ed fotografov\u00e1n\u00ed (prost\u0159ednictv\u00edm odkazu na&nbsp;internetovou \u00faschovnu) nebo v&nbsp;term\u00ednu dle domluvy. Z&nbsp;nich si klient vybere sn\u00edmky, kter\u00e9 fotograf uprav\u00ed a&nbsp;zv\u011bt\u0161\u00ed na&nbsp;dohodnut\u00fd rozm\u011br pap\u00edru nebo upraven\u00e9 p\u0159ed\u00e1 v&nbsp;elektronick\u00e9 podob\u011b.<br \/>\n<strong>Tyto n\u00e1hledy fotografi\u00ed slou\u017e\u00ed pouze k&nbsp;v\u00fdb\u011bru sn\u00edmk\u016f, o&nbsp;kter\u00e9 m\u00e1 klient z\u00e1jem. N\u00e1hledy fotografi\u00ed ani \u017e\u00e1dn\u00e9 jejich \u010d\u00e1sti nesm\u00ed b\u00fdt bez p\u00edsemn\u00e9ho souhlasu fotografa pou\u017eity jinak, ne\u017e k&nbsp;v\u00fd\u0161e uveden\u00e9mu v\u00fdb\u011bru.<\/strong><\/li>\n<li>Objedn\u00e1vka z\u00e1rove\u0148 slou\u017e\u00ed jako souhlas k&nbsp;vyu\u017eit\u00ed n\u011bkter\u00fdch fotografi\u00ed po\u0159\u00edzen\u00fdch v&nbsp;r\u00e1mci objedn\u00e1vky\u00a0v portf\u00f3liu fotografa. Pro jin\u00e9 vyu\u017eit\u00ed t\u011bchto fotografi\u00ed je fotograf povinen si vy\u017e\u00e1dat souhlas klienta.<\/li>\n<li>Objedn\u00e1vkou\u00a0klient tak\u00e9 stvrzuje, \u017ee se dostate\u010dn\u011b sezn\u00e1mil se stylem tvorby fotografa, a&nbsp;po\u010d\u00edt\u00e1 s&nbsp;t\u00edm, \u017ee i&nbsp;j\u00edm objednan\u00e9 fotografie budou v&nbsp;podobn\u00e9m duchu.<\/li>\n<li>Platba za&nbsp;slu\u017eby je splatn\u00e1 na&nbsp;konci fotografov\u00e1n\u00ed, nen\u00ed-li p\u0159edem dohodnuto jinak. Ve\u0161ker\u00e9 dal\u0161\u00ed doplatky za&nbsp;slu\u017eby nad r\u00e1mec bal\u00ed\u010dku jsou splatn\u00e9 ihned po&nbsp;jejich objedn\u00e1n\u00ed. U&nbsp;svatebn\u00edho fotografov\u00e1n\u00ed je vyb\u00edr\u00e1na rezerva\u010dn\u00ed z\u00e1loha. Z\u00e1loha 1.000 K\u010d se plat\u00ed p\u0159i potvrzen\u00ed term\u00ednu fotografov\u00e1n\u00ed. Nezaplat\u00ed-li klient z\u00e1lohu, je objedn\u00e1vka automaticky zru\u0161ena a&nbsp;rezervovan\u00fd term\u00edn nab\u00eddnut dal\u0161\u00edm z\u00e1jemc\u016fm. Z\u00e1loha se vrac\u00ed v&nbsp;pln\u00e9 v\u00fd\u0161i p\u0159i zru\u0161en\u00ed objedn\u00e1vky fotografem. S&nbsp;klientem je mo\u017eno se domluvit na&nbsp;jin\u00e9m term\u00ednu fotografov\u00e1n\u00ed, pokud bude tento term\u00edn je\u0161t\u011b voln\u00fd.<\/li>\n<li>V\u0161echny fotografie jsou p\u0159edm\u011btem autorsk\u00e9ho pr\u00e1va a&nbsp;majetkem fotografa a&nbsp;nesm\u00ed b\u00fdt pou\u017eity pro jak\u00fdkoli komer\u010dn\u00ed \u00fa\u010del, propagaci \u010di prodej t\u0159et\u00ed stran\u011b bez p\u00edsemn\u00e9ho souhlasu autora. Fotografovan\u00e9 osoby mohou pou\u017e\u00edvat fotografie pro svou nekomer\u010dn\u00ed osobn\u00ed prezentaci. Produktov\u00e1 fotografie sm\u00ed b\u00fdt pou\u017e\u00edvan\u00e1 pouze klientem za&nbsp;\u00fa\u010delem a&nbsp;v rozsahu, pro kter\u00fd byla po\u0159\u00edzena.<\/li>\n<li>Fotografie nesm\u00ed b\u00fdt klientem ani t\u0159et\u00ed stranou d\u00e1le upravov\u00e1ny bez p\u00edsemn\u00e9ho souhlasu fotografa.<\/li>\n<li>V&nbsp;p\u0159\u00edpad\u011b, \u017ee klient vyu\u017eije t\u0159et\u00edch stran k&nbsp;vyti\u0161t\u011bn\u00ed fotografi\u00ed, kter\u00e9 obdr\u017eel v&nbsp;elektronick\u00e9 podob\u011b a&nbsp;je nespokojen\u00fd s&nbsp;v\u00fdslednou podobo vyti\u0161t\u011bn\u00e9ho sn\u00edmku, fotograf nen\u00ed odpov\u011bdn\u00fd za&nbsp;vzniklou finan\u010dn\u00ed \u00fajmu a&nbsp;nen\u00ed povinen tuto finan\u010dn\u00ed \u00fajmu jakkoliv klientovy kompenzovat. Klient je povinn\u00fd si fotografie p\u0159ed tiskem v&nbsp;elektronick\u00e9 podob\u011b prohl\u00e9dnout a&nbsp;v p\u0159\u00edpad\u011b nespokojenosti prov\u00e9st reklamaci u&nbsp;fotografa.<\/li>\n<li>Klient objedn\u00e1n\u00edm slu\u017eeb souhlas\u00ed s&nbsp;t\u011bmito podm\u00ednkami a&nbsp;je s&nbsp;nimi srozum\u011bn.<\/li>\n<\/ul>\n","protected":false},"excerpt":{"rendered":"<p>Fotograf p\u0159ed\u00e1 klientovi n\u00e1hledy po\u0159\u00edzen\u00fdch fotografi\u00ed v&nbsp;elektronick\u00e9 podob\u011b do&nbsp;p\u011bti pracovn\u00edch dn\u016f od ukon\u010den\u00ed fotografov\u00e1n\u00ed (prost\u0159ednictv\u00edm odkazu na&nbsp;internetovou \u00faschovnu) nebo v&nbsp;term\u00ednu dle domluvy. Z&nbsp;nich si klient vybere sn\u00edmky, kter\u00e9 fotograf uprav\u00ed a&nbsp;zv\u011bt\u0161\u00ed na&nbsp;dohodnut\u00fd rozm\u011br pap\u00edru nebo upraven\u00e9 p\u0159ed\u00e1 v&nbsp;elektronick\u00e9 podob\u011b. Tyto n\u00e1hledy fotografi\u00ed slou\u017e\u00ed pouze k&nbsp;v\u00fdb\u011bru sn\u00edmk\u016f, o&nbsp;kter\u00e9 m\u00e1 klient z\u00e1jem. N\u00e1hledy fotografi\u00ed ani \u017e\u00e1dn\u00e9 jejich [&hellip;]<\/p>\n","protected":false},"author":1,"featured_media":0,"parent":0,"menu_order":0,"comment_status":"closed","ping_status":"closed","template":"","meta":{"footnotes":""},"class_list":["post-278","page","type-page","status-publish","hentry"],"yoast_head":"<!-- This site is optimized with the Yoast SEO plugin v25.0 - https:\/\/yoast.com\/wordpress\/plugins\/seo\/ -->\n<title>V\u0161eobecn\u00e9 podm\u00ednky - Jan Dokoupil - fotograf - Vala\u0161sk\u00e9 Mezi\u0159\u00ed\u010d\u00ed<\/title>\n<meta name=\"robots\" content=\"index, follow, max-snippet:-1, max-image-preview:large, max-video-preview:-1\" \/>\n<link rel=\"canonical\" href=\"https:\/\/jandokoupil.cz\/domains\/jandokoupil.cz\/vseobecne-podminky\/\" \/>\n<meta property=\"og:locale\" content=\"cs_CZ\" \/>\n<meta property=\"og:type\" content=\"article\" \/>\n<meta property=\"og:title\" content=\"V\u0161eobecn\u00e9 podm\u00ednky - Jan Dokoupil - fotograf - Vala\u0161sk\u00e9 Mezi\u0159\u00ed\u010d\u00ed\" \/>\n<meta property=\"og:description\" content=\"Fotograf p\u0159ed\u00e1 klientovi n\u00e1hledy po\u0159\u00edzen\u00fdch fotografi\u00ed v&nbsp;elektronick\u00e9 podob\u011b do&nbsp;p\u011bti pracovn\u00edch dn\u016f od ukon\u010den\u00ed fotografov\u00e1n\u00ed (prost\u0159ednictv\u00edm odkazu na&nbsp;internetovou \u00faschovnu) nebo v&nbsp;term\u00ednu dle domluvy. Z&nbsp;nich si klient vybere sn\u00edmky, kter\u00e9 fotograf uprav\u00ed a&nbsp;zv\u011bt\u0161\u00ed na&nbsp;dohodnut\u00fd rozm\u011br pap\u00edru nebo upraven\u00e9 p\u0159ed\u00e1 v&nbsp;elektronick\u00e9 podob\u011b. Tyto n\u00e1hledy fotografi\u00ed slou\u017e\u00ed pouze k&nbsp;v\u00fdb\u011bru sn\u00edmk\u016f, o&nbsp;kter\u00e9 m\u00e1 klient z\u00e1jem. N\u00e1hledy fotografi\u00ed ani \u017e\u00e1dn\u00e9 jejich [&hellip;]\" \/>\n<meta property=\"og:url\" content=\"https:\/\/jandokoupil.cz\/domains\/jandokoupil.cz\/vseobecne-podminky\/\" \/>\n<meta property=\"og:site_name\" content=\"Jan Dokoupil - fotograf - Vala\u0161sk\u00e9 Mezi\u0159\u00ed\u010d\u00ed\" \/>\n<meta property=\"article:modified_time\" content=\"2021-05-17T09:25:26+00:00\" \/>\n<meta name=\"twitter:card\" content=\"summary_large_image\" \/>\n<meta name=\"twitter:label1\" content=\"Odhadovan\u00e1 doba \u010dten\u00ed\" \/>\n\t<meta name=\"twitter:data1\" content=\"2 minuty\" \/>\n<script type=\"application\/ld+json\" class=\"yoast-schema-graph\">{\"@context\":\"https:\/\/schema.org\",\"@graph\":[{\"@type\":\"WebPage\",\"@id\":\"https:\/\/jandokoupil.cz\/domains\/jandokoupil.cz\/vseobecne-podminky\/\",\"url\":\"https:\/\/jandokoupil.cz\/domains\/jandokoupil.cz\/vseobecne-podminky\/\",\"name\":\"V\u0161eobecn\u00e9 podm\u00ednky - Jan Dokoupil - fotograf - Vala\u0161sk\u00e9 Mezi\u0159\u00ed\u010d\u00ed\",\"isPartOf\":{\"@id\":\"https:\/\/jandokoupil.cz\/domains\/jandokoupil.cz\/#website\"},\"datePublished\":\"2016-09-12T18:45:30+00:00\",\"dateModified\":\"2021-05-17T09:25:26+00:00\",\"breadcrumb\":{\"@id\":\"https:\/\/jandokoupil.cz\/domains\/jandokoupil.cz\/vseobecne-podminky\/#breadcrumb\"},\"inLanguage\":\"cs\",\"potentialAction\":[{\"@type\":\"ReadAction\",\"target\":[\"https:\/\/jandokoupil.cz\/domains\/jandokoupil.cz\/vseobecne-podminky\/\"]}]},{\"@type\":\"BreadcrumbList\",\"@id\":\"https:\/\/jandokoupil.cz\/domains\/jandokoupil.cz\/vseobecne-podminky\/#breadcrumb\",\"itemListElement\":[{\"@type\":\"ListItem\",\"position\":1,\"name\":\"Dom\u016f\",\"item\":\"https:\/\/jandokoupil.cz\/domains\/jandokoupil.cz\/\"},{\"@type\":\"ListItem\",\"position\":2,\"name\":\"V\u0161eobecn\u00e9 podm\u00ednky\"}]},{\"@type\":\"WebSite\",\"@id\":\"https:\/\/jandokoupil.cz\/domains\/jandokoupil.cz\/#website\",\"url\":\"https:\/\/jandokoupil.cz\/domains\/jandokoupil.cz\/\",\"name\":\"Jan Dokoupil - fotograf - Vala\u0161sk\u00e9 Mezi\u0159\u00ed\u010d\u00ed\",\"description\":\"Svatebn\u00ed, portr\u00e9tn\u00ed a report\u00e1\u017en\u00ed fotograf z Vala\u0161sk\u00e9ho Mezi\u0159\u00ed\u010d\u00ed\",\"publisher\":{\"@id\":\"https:\/\/jandokoupil.cz\/domains\/jandokoupil.cz\/#\/schema\/person\/04117bbee5ba0265e2a8c88262d6233a\"},\"potentialAction\":[{\"@type\":\"SearchAction\",\"target\":{\"@type\":\"EntryPoint\",\"urlTemplate\":\"https:\/\/jandokoupil.cz\/domains\/jandokoupil.cz\/?s={search_term_string}\"},\"query-input\":{\"@type\":\"PropertyValueSpecification\",\"valueRequired\":true,\"valueName\":\"search_term_string\"}}],\"inLanguage\":\"cs\"},{\"@type\":[\"Person\",\"Organization\"],\"@id\":\"https:\/\/jandokoupil.cz\/domains\/jandokoupil.cz\/#\/schema\/person\/04117bbee5ba0265e2a8c88262d6233a\",\"name\":\"Jan Dokoupil\",\"image\":{\"@type\":\"ImageObject\",\"inLanguage\":\"cs\",\"@id\":\"https:\/\/jandokoupil.cz\/domains\/jandokoupil.cz\/#\/schema\/person\/image\/\",\"url\":\"http:\/\/jandokoupil.cz\/domains\/jandokoupil.cz\/wp-content\/uploads\/2017\/01\/cropped-fav2.jpg\",\"contentUrl\":\"http:\/\/jandokoupil.cz\/domains\/jandokoupil.cz\/wp-content\/uploads\/2017\/01\/cropped-fav2.jpg\",\"width\":512,\"height\":512,\"caption\":\"Jan Dokoupil\"},\"logo\":{\"@id\":\"https:\/\/jandokoupil.cz\/domains\/jandokoupil.cz\/#\/schema\/person\/image\/\"}}]}<\/script>\n<!-- \/ Yoast SEO plugin. -->","yoast_head_json":{"title":"V\u0161eobecn\u00e9 podm\u00ednky - Jan Dokoupil - fotograf - Vala\u0161sk\u00e9 Mezi\u0159\u00ed\u010d\u00ed","robots":{"index":"index","follow":"follow","max-snippet":"max-snippet:-1","max-image-preview":"max-image-preview:large","max-video-preview":"max-video-preview:-1"},"canonical":"https:\/\/jandokoupil.cz\/domains\/jandokoupil.cz\/vseobecne-podminky\/","og_locale":"cs_CZ","og_type":"article","og_title":"V\u0161eobecn\u00e9 podm\u00ednky - Jan Dokoupil - fotograf - Vala\u0161sk\u00e9 Mezi\u0159\u00ed\u010d\u00ed","og_description":"Fotograf p\u0159ed\u00e1 klientovi n\u00e1hledy po\u0159\u00edzen\u00fdch fotografi\u00ed v&nbsp;elektronick\u00e9 podob\u011b do&nbsp;p\u011bti pracovn\u00edch dn\u016f od ukon\u010den\u00ed fotografov\u00e1n\u00ed (prost\u0159ednictv\u00edm odkazu na&nbsp;internetovou \u00faschovnu) nebo v&nbsp;term\u00ednu dle domluvy. Z&nbsp;nich si klient vybere sn\u00edmky, kter\u00e9 fotograf uprav\u00ed a&nbsp;zv\u011bt\u0161\u00ed na&nbsp;dohodnut\u00fd rozm\u011br pap\u00edru nebo upraven\u00e9 p\u0159ed\u00e1 v&nbsp;elektronick\u00e9 podob\u011b. Tyto n\u00e1hledy fotografi\u00ed slou\u017e\u00ed pouze k&nbsp;v\u00fdb\u011bru sn\u00edmk\u016f, o&nbsp;kter\u00e9 m\u00e1 klient z\u00e1jem. N\u00e1hledy fotografi\u00ed ani \u017e\u00e1dn\u00e9 jejich [&hellip;]","og_url":"https:\/\/jandokoupil.cz\/domains\/jandokoupil.cz\/vseobecne-podminky\/","og_site_name":"Jan Dokoupil - fotograf - Vala\u0161sk\u00e9 Mezi\u0159\u00ed\u010d\u00ed","article_modified_time":"2021-05-17T09:25:26+00:00","twitter_card":"summary_large_image","twitter_misc":{"Odhadovan\u00e1 doba \u010dten\u00ed":"2 minuty"},"schema":{"@context":"https:\/\/schema.org","@graph":[{"@type":"WebPage","@id":"https:\/\/jandokoupil.cz\/domains\/jandokoupil.cz\/vseobecne-podminky\/","url":"https:\/\/jandokoupil.cz\/domains\/jandokoupil.cz\/vseobecne-podminky\/","name":"V\u0161eobecn\u00e9 podm\u00ednky - Jan Dokoupil - fotograf - Vala\u0161sk\u00e9 Mezi\u0159\u00ed\u010d\u00ed","isPartOf":{"@id":"https:\/\/jandokoupil.cz\/domains\/jandokoupil.cz\/#website"},"datePublished":"2016-09-12T18:45:30+00:00","dateModified":"2021-05-17T09:25:26+00:00","breadcrumb":{"@id":"https:\/\/jandokoupil.cz\/domains\/jandokoupil.cz\/vseobecne-podminky\/#breadcrumb"},"inLanguage":"cs","potentialAction":[{"@type":"ReadAction","target":["https:\/\/jandokoupil.cz\/domains\/jandokoupil.cz\/vseobecne-podminky\/"]}]},{"@type":"BreadcrumbList","@id":"https:\/\/jandokoupil.cz\/domains\/jandokoupil.cz\/vseobecne-podminky\/#breadcrumb","itemListElement":[{"@type":"ListItem","position":1,"name":"Dom\u016f","item":"https:\/\/jandokoupil.cz\/domains\/jandokoupil.cz\/"},{"@type":"ListItem","position":2,"name":"V\u0161eobecn\u00e9 podm\u00ednky"}]},{"@type":"WebSite","@id":"https:\/\/jandokoupil.cz\/domains\/jandokoupil.cz\/#website","url":"https:\/\/jandokoupil.cz\/domains\/jandokoupil.cz\/","name":"Jan Dokoupil - fotograf - Vala\u0161sk\u00e9 Mezi\u0159\u00ed\u010d\u00ed","description":"Svatebn\u00ed, portr\u00e9tn\u00ed a report\u00e1\u017en\u00ed fotograf z Vala\u0161sk\u00e9ho Mezi\u0159\u00ed\u010d\u00ed","publisher":{"@id":"https:\/\/jandokoupil.cz\/domains\/jandokoupil.cz\/#\/schema\/person\/04117bbee5ba0265e2a8c88262d6233a"},"potentialAction":[{"@type":"SearchAction","target":{"@type":"EntryPoint","urlTemplate":"https:\/\/jandokoupil.cz\/domains\/jandokoupil.cz\/?s={search_term_string}"},"query-input":{"@type":"PropertyValueSpecification","valueRequired":true,"valueName":"search_term_string"}}],"inLanguage":"cs"},{"@type":["Person","Organization"],"@id":"https:\/\/jandokoupil.cz\/domains\/jandokoupil.cz\/#\/schema\/person\/04117bbee5ba0265e2a8c88262d6233a","name":"Jan Dokoupil","image":{"@type":"ImageObject","inLanguage":"cs","@id":"https:\/\/jandokoupil.cz\/domains\/jandokoupil.cz\/#\/schema\/person\/image\/","url":"http:\/\/jandokoupil.cz\/domains\/jandokoupil.cz\/wp-content\/uploads\/2017\/01\/cropped-fav2.jpg","contentUrl":"http:\/\/jandokoupil.cz\/domains\/jandokoupil.cz\/wp-content\/uploads\/2017\/01\/cropped-fav2.jpg","width":512,"height":512,"caption":"Jan Dokoupil"},"logo":{"@id":"https:\/\/jandokoupil.cz\/domains\/jandokoupil.cz\/#\/schema\/person\/image\/"}}]}},"_links":{"self":[{"href":"https:\/\/jandokoupil.cz\/domains\/jandokoupil.cz\/wp-json\/wp\/v2\/pages\/278"}],"collection":[{"href":"https:\/\/jandokoupil.cz\/domains\/jandokoupil.cz\/wp-json\/wp\/v2\/pages"}],"about":[{"href":"https:\/\/jandokoupil.cz\/domains\/jandokoupil.cz\/wp-json\/wp\/v2\/types\/page"}],"author":[{"embeddable":true,"href":"https:\/\/jandokoupil.cz\/domains\/jandokoupil.cz\/wp-json\/wp\/v2\/users\/1"}],"replies":[{"embeddable":true,"href":"https:\/\/jandokoupil.cz\/domains\/jandokoupil.cz\/wp-json\/wp\/v2\/comments?post=278"}],"version-history":[{"count":11,"href":"https:\/\/jandokoupil.cz\/domains\/jandokoupil.cz\/wp-json\/wp\/v2\/pages\/278\/revisions"}],"predecessor-version":[{"id":898,"href":"https:\/\/jandokoupil.cz\/domains\/jandokoupil.cz\/wp-json\/wp\/v2\/pages\/278\/revisions\/898"}],"wp:attachment":[{"href":"https:\/\/jandokoupil.cz\/domains\/jandokoupil.cz\/wp-json\/wp\/v2\/media?parent=278"}],"curies":[{"name":"wp","href":"https:\/\/api.w.org\/{rel}","templated":true}]}}