{"id":61,"date":"2016-06-27T09:38:56","date_gmt":"2016-06-27T08:38:56","guid":{"rendered":"http:\/\/jandokoupil.cz\/domains\/jandokoupil.cz\/?page_id=61"},"modified":"2024-01-03T09:50:43","modified_gmt":"2024-01-03T08:50:43","slug":"kontakt","status":"publish","type":"page","link":"https:\/\/jandokoupil.cz\/domains\/jandokoupil.cz\/kontakt\/","title":{"rendered":"Kontakt"},"content":{"rendered":"<h4>E-mail: foto@jandokoupil.cz<br \/>\nTel: 737 462 374<\/h4>\n<h5><del>Adresa ateli\u00e9ru: Sadov\u00e1 126\/1, 75701 Vala\u0161sk\u00e9 Mezi\u0159\u00ed\u010d\u00ed<\/del> (ateli\u00e9r v&nbsp;rekonstrukci)<\/h5>\n<h5>I\u010cO: 88693899<\/h5>\n<p>(Zapsan\u00fd v&nbsp;evidenci M\u00da Vala\u0161sk\u00e9 Mezi\u0159\u00ed\u010d\u00ed od 2. 4. 2012)<\/p>\n<h5>\u010c\u00edslo \u00fa\u010dtu: 2200245378, banka: 2010<br \/>\nNejsem pl\u00e1tcem DPH<\/h5>\n","protected":false},"excerpt":{"rendered":"<p>E-mail: foto@jandokoupil.cz Tel: 737 462 374 Adresa ateli\u00e9ru: Sadov\u00e1 126\/1, 75701 Vala\u0161sk\u00e9 Mezi\u0159\u00ed\u010d\u00ed (ateli\u00e9r v&nbsp;rekonstrukci) I\u010cO: 88693899 (Zapsan\u00fd v&nbsp;evidenci M\u00da Vala\u0161sk\u00e9 Mezi\u0159\u00ed\u010d\u00ed od 2. 4. 2012) \u010c\u00edslo \u00fa\u010dtu: 2200245378, banka: 2010 Nejsem pl\u00e1tcem DPH<\/p>\n","protected":false},"author":1,"featured_media":0,"parent":0,"menu_order":0,"comment_status":"closed","ping_status":"closed","template":"contact.php","meta":{"footnotes":""},"class_list":["post-61","page","type-page","status-publish","hentry"],"yoast_head":"<!-- This site is optimized with the Yoast SEO plugin v25.0 - https:\/\/yoast.com\/wordpress\/plugins\/seo\/ -->\n<title>Kontakt - Jan Dokoupil - fotograf - Vala\u0161sk\u00e9 Mezi\u0159\u00ed\u010d\u00ed<\/title>\n<meta name=\"description\" content=\"Adresa ateli\u00e9ru: Sadov\u00e1 126\/1, 757 01 Vala\u0161sk\u00e9 Mezi\u0159\u00ed\u010d\u00ed. Fotograf Jan Dokoupil\" \/>\n<meta name=\"robots\" content=\"index, follow, max-snippet:-1, max-image-preview:large, max-video-preview:-1\" \/>\n<link rel=\"canonical\" href=\"https:\/\/jandokoupil.cz\/domains\/jandokoupil.cz\/kontakt\/\" \/>\n<meta property=\"og:locale\" content=\"cs_CZ\" \/>\n<meta property=\"og:type\" content=\"article\" \/>\n<meta property=\"og:title\" content=\"Kontakt - Jan Dokoupil - fotograf - Vala\u0161sk\u00e9 Mezi\u0159\u00ed\u010d\u00ed\" \/>\n<meta property=\"og:description\" content=\"Adresa ateli\u00e9ru: Sadov\u00e1 126\/1, 757 01 Vala\u0161sk\u00e9 Mezi\u0159\u00ed\u010d\u00ed. Fotograf Jan Dokoupil\" \/>\n<meta property=\"og:url\" content=\"https:\/\/jandokoupil.cz\/domains\/jandokoupil.cz\/kontakt\/\" \/>\n<meta property=\"og:site_name\" content=\"Jan Dokoupil - fotograf - Vala\u0161sk\u00e9 Mezi\u0159\u00ed\u010d\u00ed\" \/>\n<meta property=\"article:modified_time\" content=\"2024-01-03T08:50:43+00:00\" \/>\n<meta name=\"twitter:card\" content=\"summary_large_image\" \/>\n<meta name=\"twitter:label1\" content=\"Odhadovan\u00e1 doba \u010dten\u00ed\" \/>\n\t<meta name=\"twitter:data1\" content=\"1 minuta\" \/>\n<script type=\"application\/ld+json\" class=\"yoast-schema-graph\">{\"@context\":\"https:\/\/schema.org\",\"@graph\":[{\"@type\":\"WebPage\",\"@id\":\"https:\/\/jandokoupil.cz\/domains\/jandokoupil.cz\/kontakt\/\",\"url\":\"https:\/\/jandokoupil.cz\/domains\/jandokoupil.cz\/kontakt\/\",\"name\":\"Kontakt - Jan Dokoupil - fotograf - Vala\u0161sk\u00e9 Mezi\u0159\u00ed\u010d\u00ed\",\"isPartOf\":{\"@id\":\"https:\/\/jandokoupil.cz\/domains\/jandokoupil.cz\/#website\"},\"datePublished\":\"2016-06-27T08:38:56+00:00\",\"dateModified\":\"2024-01-03T08:50:43+00:00\",\"description\":\"Adresa ateli\u00e9ru: Sadov\u00e1 126\/1, 757 01 Vala\u0161sk\u00e9 Mezi\u0159\u00ed\u010d\u00ed. Fotograf Jan Dokoupil\",\"breadcrumb\":{\"@id\":\"https:\/\/jandokoupil.cz\/domains\/jandokoupil.cz\/kontakt\/#breadcrumb\"},\"inLanguage\":\"cs\",\"potentialAction\":[{\"@type\":\"ReadAction\",\"target\":[\"https:\/\/jandokoupil.cz\/domains\/jandokoupil.cz\/kontakt\/\"]}]},{\"@type\":\"BreadcrumbList\",\"@id\":\"https:\/\/jandokoupil.cz\/domains\/jandokoupil.cz\/kontakt\/#breadcrumb\",\"itemListElement\":[{\"@type\":\"ListItem\",\"position\":1,\"name\":\"Dom\u016f\",\"item\":\"https:\/\/jandokoupil.cz\/domains\/jandokoupil.cz\/\"},{\"@type\":\"ListItem\",\"position\":2,\"name\":\"Kontakt\"}]},{\"@type\":\"WebSite\",\"@id\":\"https:\/\/jandokoupil.cz\/domains\/jandokoupil.cz\/#website\",\"url\":\"https:\/\/jandokoupil.cz\/domains\/jandokoupil.cz\/\",\"name\":\"Jan Dokoupil - fotograf - Vala\u0161sk\u00e9 Mezi\u0159\u00ed\u010d\u00ed\",\"description\":\"Svatebn\u00ed, portr\u00e9tn\u00ed a report\u00e1\u017en\u00ed fotograf z Vala\u0161sk\u00e9ho Mezi\u0159\u00ed\u010d\u00ed\",\"publisher\":{\"@id\":\"https:\/\/jandokoupil.cz\/domains\/jandokoupil.cz\/#\/schema\/person\/04117bbee5ba0265e2a8c88262d6233a\"},\"potentialAction\":[{\"@type\":\"SearchAction\",\"target\":{\"@type\":\"EntryPoint\",\"urlTemplate\":\"https:\/\/jandokoupil.cz\/domains\/jandokoupil.cz\/?s={search_term_string}\"},\"query-input\":{\"@type\":\"PropertyValueSpecification\",\"valueRequired\":true,\"valueName\":\"search_term_string\"}}],\"inLanguage\":\"cs\"},{\"@type\":[\"Person\",\"Organization\"],\"@id\":\"https:\/\/jandokoupil.cz\/domains\/jandokoupil.cz\/#\/schema\/person\/04117bbee5ba0265e2a8c88262d6233a\",\"name\":\"Jan Dokoupil\",\"image\":{\"@type\":\"ImageObject\",\"inLanguage\":\"cs\",\"@id\":\"https:\/\/jandokoupil.cz\/domains\/jandokoupil.cz\/#\/schema\/person\/image\/\",\"url\":\"http:\/\/jandokoupil.cz\/domains\/jandokoupil.cz\/wp-content\/uploads\/2017\/01\/cropped-fav2.jpg\",\"contentUrl\":\"http:\/\/jandokoupil.cz\/domains\/jandokoupil.cz\/wp-content\/uploads\/2017\/01\/cropped-fav2.jpg\",\"width\":512,\"height\":512,\"caption\":\"Jan Dokoupil\"},\"logo\":{\"@id\":\"https:\/\/jandokoupil.cz\/domains\/jandokoupil.cz\/#\/schema\/person\/image\/\"}}]}<\/script>\n<!-- \/ Yoast SEO plugin. -->","yoast_head_json":{"title":"Kontakt - Jan Dokoupil - fotograf - Vala\u0161sk\u00e9 Mezi\u0159\u00ed\u010d\u00ed","description":"Adresa ateli\u00e9ru: Sadov\u00e1 126\/1, 757 01 Vala\u0161sk\u00e9 Mezi\u0159\u00ed\u010d\u00ed. Fotograf Jan Dokoupil","robots":{"index":"index","follow":"follow","max-snippet":"max-snippet:-1","max-image-preview":"max-image-preview:large","max-video-preview":"max-video-preview:-1"},"canonical":"https:\/\/jandokoupil.cz\/domains\/jandokoupil.cz\/kontakt\/","og_locale":"cs_CZ","og_type":"article","og_title":"Kontakt - Jan Dokoupil - fotograf - Vala\u0161sk\u00e9 Mezi\u0159\u00ed\u010d\u00ed","og_description":"Adresa ateli\u00e9ru: Sadov\u00e1 126\/1, 757 01 Vala\u0161sk\u00e9 Mezi\u0159\u00ed\u010d\u00ed. Fotograf Jan Dokoupil","og_url":"https:\/\/jandokoupil.cz\/domains\/jandokoupil.cz\/kontakt\/","og_site_name":"Jan Dokoupil - fotograf - Vala\u0161sk\u00e9 Mezi\u0159\u00ed\u010d\u00ed","article_modified_time":"2024-01-03T08:50:43+00:00","twitter_card":"summary_large_image","twitter_misc":{"Odhadovan\u00e1 doba \u010dten\u00ed":"1 minuta"},"schema":{"@context":"https:\/\/schema.org","@graph":[{"@type":"WebPage","@id":"https:\/\/jandokoupil.cz\/domains\/jandokoupil.cz\/kontakt\/","url":"https:\/\/jandokoupil.cz\/domains\/jandokoupil.cz\/kontakt\/","name":"Kontakt - Jan Dokoupil - fotograf - Vala\u0161sk\u00e9 Mezi\u0159\u00ed\u010d\u00ed","isPartOf":{"@id":"https:\/\/jandokoupil.cz\/domains\/jandokoupil.cz\/#website"},"datePublished":"2016-06-27T08:38:56+00:00","dateModified":"2024-01-03T08:50:43+00:00","description":"Adresa ateli\u00e9ru: Sadov\u00e1 126\/1, 757 01 Vala\u0161sk\u00e9 Mezi\u0159\u00ed\u010d\u00ed. Fotograf Jan Dokoupil","breadcrumb":{"@id":"https:\/\/jandokoupil.cz\/domains\/jandokoupil.cz\/kontakt\/#breadcrumb"},"inLanguage":"cs","potentialAction":[{"@type":"ReadAction","target":["https:\/\/jandokoupil.cz\/domains\/jandokoupil.cz\/kontakt\/"]}]},{"@type":"BreadcrumbList","@id":"https:\/\/jandokoupil.cz\/domains\/jandokoupil.cz\/kontakt\/#breadcrumb","itemListElement":[{"@type":"ListItem","position":1,"name":"Dom\u016f","item":"https:\/\/jandokoupil.cz\/domains\/jandokoupil.cz\/"},{"@type":"ListItem","position":2,"name":"Kontakt"}]},{"@type":"WebSite","@id":"https:\/\/jandokoupil.cz\/domains\/jandokoupil.cz\/#website","url":"https:\/\/jandokoupil.cz\/domains\/jandokoupil.cz\/","name":"Jan Dokoupil - fotograf - Vala\u0161sk\u00e9 Mezi\u0159\u00ed\u010d\u00ed","description":"Svatebn\u00ed, portr\u00e9tn\u00ed a report\u00e1\u017en\u00ed fotograf z Vala\u0161sk\u00e9ho Mezi\u0159\u00ed\u010d\u00ed","publisher":{"@id":"https:\/\/jandokoupil.cz\/domains\/jandokoupil.cz\/#\/schema\/person\/04117bbee5ba0265e2a8c88262d6233a"},"potentialAction":[{"@type":"SearchAction","target":{"@type":"EntryPoint","urlTemplate":"https:\/\/jandokoupil.cz\/domains\/jandokoupil.cz\/?s={search_term_string}"},"query-input":{"@type":"PropertyValueSpecification","valueRequired":true,"valueName":"search_term_string"}}],"inLanguage":"cs"},{"@type":["Person","Organization"],"@id":"https:\/\/jandokoupil.cz\/domains\/jandokoupil.cz\/#\/schema\/person\/04117bbee5ba0265e2a8c88262d6233a","name":"Jan Dokoupil","image":{"@type":"ImageObject","inLanguage":"cs","@id":"https:\/\/jandokoupil.cz\/domains\/jandokoupil.cz\/#\/schema\/person\/image\/","url":"http:\/\/jandokoupil.cz\/domains\/jandokoupil.cz\/wp-content\/uploads\/2017\/01\/cropped-fav2.jpg","contentUrl":"http:\/\/jandokoupil.cz\/domains\/jandokoupil.cz\/wp-content\/uploads\/2017\/01\/cropped-fav2.jpg","width":512,"height":512,"caption":"Jan Dokoupil"},"logo":{"@id":"https:\/\/jandokoupil.cz\/domains\/jandokoupil.cz\/#\/schema\/person\/image\/"}}]}},"_links":{"self":[{"href":"https:\/\/jandokoupil.cz\/domains\/jandokoupil.cz\/wp-json\/wp\/v2\/pages\/61"}],"collection":[{"href":"https:\/\/jandokoupil.cz\/domains\/jandokoupil.cz\/wp-json\/wp\/v2\/pages"}],"about":[{"href":"https:\/\/jandokoupil.cz\/domains\/jandokoupil.cz\/wp-json\/wp\/v2\/types\/page"}],"author":[{"embeddable":true,"href":"https:\/\/jandokoupil.cz\/domains\/jandokoupil.cz\/wp-json\/wp\/v2\/users\/1"}],"replies":[{"embeddable":true,"href":"https:\/\/jandokoupil.cz\/domains\/jandokoupil.cz\/wp-json\/wp\/v2\/comments?post=61"}],"version-history":[{"count":17,"href":"https:\/\/jandokoupil.cz\/domains\/jandokoupil.cz\/wp-json\/wp\/v2\/pages\/61\/revisions"}],"predecessor-version":[{"id":1028,"href":"https:\/\/jandokoupil.cz\/domains\/jandokoupil.cz\/wp-json\/wp\/v2\/pages\/61\/revisions\/1028"}],"wp:attachment":[{"href":"https:\/\/jandokoupil.cz\/domains\/jandokoupil.cz\/wp-json\/wp\/v2\/media?parent=61"}],"curies":[{"name":"wp","href":"https:\/\/api.w.org\/{rel}","templated":true}]}}