{"id":958,"date":"2022-10-16T18:36:07","date_gmt":"2022-10-16T17:36:07","guid":{"rendered":"https:\/\/jandokoupil.cz\/domains\/jandokoupil.cz\/?page_id=958"},"modified":"2024-01-03T09:59:05","modified_gmt":"2024-01-03T08:59:05","slug":"faq-svatby","status":"publish","type":"page","link":"https:\/\/jandokoupil.cz\/domains\/jandokoupil.cz\/faq-svatby\/","title":{"rendered":"FAQ &#8211; svatby"},"content":{"rendered":"<h2>V\u0161echno, na&nbsp;co jste se cht\u011bli svatebn\u00edho fotografa zeptat<\/h2>\n<hr \/>\n<h4>\u00ad<\/h4>\n<h5>Jak V\u00e1s m\u016f\u017eu kontaktovat?<\/h5>\n<p>Nejl\u00e9pe pomoc\u00ed e-mailu na&nbsp;<strong><a href=\"mailto:foto@jandokoupil.cz\">foto@jandokoupil.cz<\/a><\/strong>, kde nap\u00ed\u0161ete term\u00edn Va\u0161\u00ed svatby, co si p\u0159ejete,<br \/>\nabych vyfotil (v kostce), nebo vybran\u00fd bal\u00ed\u010dek slu\u017eeb. M\u016f\u017eete mi samoz\u0159ejm\u011b i&nbsp;zavolat na&nbsp;<strong>737 462 374<\/strong>. Ka\u017edop\u00e1dn\u011b, kdy\u017e mi cokoli nap\u00ed\u0161ete, ozvu se V\u00e1m zp\u00e1tky. Netrapte se pros\u00edm s&nbsp;formou ani stylem, nejsem spisovatel, kritik, ani V\u00e1\u0161 u\u010ditel \u010desk\u00e9ho jazyku. Zkr\u00e1tka za\u010dn\u011bte, j\u00e1 se chyt\u00edm a&nbsp;spole\u010dn\u011b ur\u010dit\u011b p\u0159ijdeme na&nbsp;to, kudy povede nejlep\u0161\u00ed cesta k&nbsp;Va\u0161im vysn\u011bn\u00fdm fotk\u00e1m.<\/p>\n<h4>\u00ad<\/h4>\n<h5>Jak dlouho dop\u0159edu si m\u00e1me rezervovat term\u00edn?<\/h5>\n<p>Pokud si chcete b\u00fdt jisti, \u017ee V\u00e1\u0161 term\u00edn budu m\u00edt voln\u00fd, tak nejl\u00e9pe asi rok dop\u0159edu. Jinak m\u016f\u017eete zkusit \u0161t\u011bst\u00ed kdykoli. \u010c\u00edm d\u0159\u00edve bude Va\u0161e svatba, t\u00edm je pravd\u011bpodobn\u011bj\u0161\u00ed, \u017ee V\u00e1\u0161 term\u00edn u\u017e bude obsazen\u00fd.<\/p>\n<h4>\u00ad<\/h4>\n<h5>Mohu si vybrat jin\u00fd po\u010det fotografi\u00ed, ne\u017e je v\u00a0bal\u00ed\u010dku?<\/h5>\n<p>Samoz\u0159ejm\u011b ano! Na&nbsp;po\u010dtu i&nbsp;form\u00e1tu fotografi\u00ed se domluv\u00edme na&nbsp;p\u0159edsvatebn\u00ed sch\u016fzce nebo a\u017e po&nbsp;Va\u0161em v\u00fdb\u011bru fotografi\u00ed.<\/p>\n<h4>\u00ad<\/h4>\n<h5>Dostanu i&nbsp;ostatn\u00ed fotografie?<\/h5>\n<p>Jist\u011b! Krom\u011b vybran\u00fdch a&nbsp;vyretu\u0161ovan\u00fdch fotografi\u00ed V\u00e1m v\u00a0elektronick\u00e9 podob\u011b p\u0159ed\u00e1m i&nbsp;v\u0161echny ostatn\u00ed fotografie, kter\u00e9 jsem na&nbsp;Va\u0161\u00ed svatb\u011b po\u0159\u00eddil. A&nbsp;to v\u00a0takov\u00e9m form\u00e1tu, abyste si je p\u0159\u00edpadn\u011b mohli vytisknout ve&nbsp;velikosti 15 x 21 cm.<\/p>\n<h4>\u00ad<\/h4>\n<h5>Co kdy\u017e nechci fotografie na&nbsp;pap\u00ed\u0159e ale jen v\u00a0elektronick\u00e9 podob\u011b?<\/h5>\n<p>M\u016f\u017ee b\u00fdt. Vybran\u00e9, vyretu\u0161ovan\u00e9 i&nbsp;nevyretu\u0161ovan\u00e9 fotografie V\u00e1m p\u0159ed\u00e1m pouze v&nbsp;elektronick\u00e9 podob\u011b ve&nbsp;velikosti, na&nbsp;jak\u00e9 se domluv\u00edme.<\/p>\n<h4>\u00ad<\/h4>\n<h5>Chci si Va\u0161e fotografie vyretu\u0161ovat a&nbsp;upravit s\u00e1m. D\u00e1te mi fotografie ve&nbsp;form\u00e1tu RAW?<\/h5>\n<p>Sice to nen\u00ed b\u011b\u017en\u00fd postup, ale pokud mne o&nbsp;sv\u00e9m dobr\u00e9m \u00famyslu p\u0159esv\u011bd\u010d\u00edte, nem\u00e1m s\u00a0t\u00edm probl\u00e9m.<\/p>\n<h4>\u00ad<\/h4>\n<h5>Ud\u011bl\u00e1te n\u00e1m fotoknihu?<\/h5>\n<p>Ano a&nbsp;velice r\u00e1d!<\/p>\n<h4>\u00ad<\/h4>\n<h5>Cht\u011bli bychom jednu fotografii jako p\u016flmetrov\u00fd obraz na&nbsp;pl\u00e1tn\u011b, jde to?<\/h5>\n<p>Jist\u011b \u017ee ano. Sta\u010d\u00ed \u0159\u00edct, kter\u00e1 fotografie to m\u00e1 b\u00fdt.<\/p>\n<h4>\u00ad<\/h4>\n<h5>Den p\u0159ed svatbou se mi ud\u011blal opar, um\u00edte to na&nbsp;fotce spravit?<\/h5>\n<p>Samoz\u0159ejm\u011b, u&nbsp;retu\u0161ovan\u00fdch fotografi\u00ed odstra\u0148uji vady pleti tak, abyste byli kr\u00e1sn\u00ed a&nbsp;nikdo nic nepoznal.<\/p>\n<h4>\u00ad<\/h4>\n<h5>Vypad\u00e1 to, \u017ee v\u00a0den svatby bude pr\u0161et. Budeme m\u00edt i&nbsp;n\u011bjak\u00e9 hezk\u00e9 fotky venku?<\/h5>\n<p>To si pi\u0161te, \u017ee ano! D\u00e9\u0161\u0165 je kreativn\u00ed prvek. Naopak V\u00e1s mo\u017en\u00e1 budu tro\u0161ku p\u0159emlouvat, a\u0165 jdeme fotografovat i&nbsp;ven. A&nbsp;t\u00e9m\u011b\u0159 v\u017edy je v\u00a0z\u00e1loze n\u011bjak\u00e9 to hezk\u00e9 z\u00e1kout\u00ed n\u011bkde v\u00a0suchu a&nbsp;pohodl\u00ed.<\/p>\n<h4>\u00ad<\/h4>\n<h5>M\u016fj partner se nerad fot\u00ed, ale j\u00e1 i&nbsp;ostatn\u00ed \u010dlenov\u00e9 rodiny ho na&nbsp;fotk\u00e1ch chceme, zvl\u00e1dnete to?<\/h5>\n<p>M\u00e1m pro tyto gentlemany pochopen\u00ed. A&nbsp;zat\u00edm i&nbsp;ti nejv\u011bt\u0161\u00ed odp\u016frci fotografov\u00e1n\u00ed prohl\u00e1sili, \u017ee to nebylo zas tak \u0161patn\u00e9, nebo dokonce \u017ee to bylo docela pr\u00edma. Tak v\u011b\u0159\u00edm, \u017ee to zvl\u00e1dneme i&nbsp;u&nbsp;V\u00e1s. Opravdu nekou\u0161u.<\/p>\n<h4>\u00ad<\/h4>\n<h5>M\u016f\u017eu m\u00edt n\u011bjak\u00e1 sv\u00e1 p\u0159\u00e1n\u00ed, co nebo kde fotit?<\/h5>\n<p>Va\u0161e p\u0159\u00e1n\u00ed a&nbsp;n\u00e1pady jsou v\u00edt\u00e1ny! Nejsem etalon skv\u011bl\u00fdch n\u00e1pad\u016f, a&nbsp;tak v\u017edy v\u00edt\u00e1m, kdy\u017e se modelov\u00e9 nebo i&nbsp;okol\u00ed pod\u00edl\u00ed na&nbsp;tvorb\u011b sn\u00edmk\u016f sv\u00fdmi vlastn\u00edmi n\u00e1pady.<\/p>\n<h4>\u00ad<\/h4>\n<h5>V\u016fbec nev\u00edm, jak se fotit, p\u016fjde to?<\/h5>\n<p>Nemus\u00edte o&nbsp;fotografov\u00e1n\u00ed v\u011bd\u011bt v\u016fbec nic. Od toho, aby fotografov\u00e1n\u00ed dopadlo dob\u0159e, je tu m\u00e1 mali\u010dkost a&nbsp;tak\u00e9 se star\u00e1m, abyste se p\u0159i tom c\u00edtili uvoln\u011bn\u011b. V\u0161e pot\u0159ebn\u00e9 V\u00e1m pov\u00edm, vysv\u011btl\u00edm, uk\u00e1\u017eu, nakresl\u00edm, zahraju, nemus\u00edte m\u00edt \u017e\u00e1dn\u00e9 obavy, bude to v&nbsp;pohod\u011b!<\/p>\n<h4>\u00ad<\/h4>\n<h5>Kdy budete cht\u00edt pen\u00edze?<\/h5>\n<p>A\u017e bude v\u0161e hotovo a&nbsp;j\u00e1 se za&nbsp;V\u00e1mi budu chystat s\u00a0Va\u0161imi vybran\u00fdmi a&nbsp;vyretu\u0161ovan\u00fdmi fotkami. Pak teprve zaplat\u00edte kone\u010dnou cenu. Krom\u011b z\u00e1lohy 1.000 K\u010d, kterou je nutno zaplatit pro z\u00e1vaznou rezervaci term\u00ednu.<\/p>\n<h4>\u00ad<\/h4>\n<h5>Za&nbsp;jak dlouho po&nbsp;svatb\u011b dostaneme fotky?<\/h5>\n<p>N\u00e1hledy pro v\u00fdb\u011br fotek na&nbsp;retu\u0161e a&nbsp;tisk dostanete hned v\u00a0t\u00fddnu po&nbsp;svatb\u011b (cca do&nbsp;3 dn\u016f).<br \/>\nVyretu\u0161ovan\u00e9 a&nbsp;vyti\u0161t\u011bn\u00e9 fotky jsou hotov\u00e9 za&nbsp;3 a\u017e 4 t\u00fddny po&nbsp;tom, co od V\u00e1s obdr\u017e\u00edm V\u00e1\u0161 v\u00fdb\u011br.<\/p>\n<h4>\u00ad<\/h4>\n<h5>Pro\u010d dostaneme upraven\u00e9 fotky a\u017e za&nbsp;tak dlouhou dobu?<\/h5>\n<p>Vybran\u00e9 fotky retu\u0161uji ru\u010dn\u011b, to znamen\u00e1, \u017ee upravuji nejen tonalitu, barvy a&nbsp;ostrost, ale tak\u00e9 v\u0161echny vady pleti a&nbsp;lok\u00e1ln\u00ed ru\u0161iv\u00e9 elementy (jako t\u0159eba dr\u00e1ty el. veden\u00ed, smet\u00ed, nebo skvrny od potu&#8230;). To v\u0161e tak, aby v\u00fdsledn\u00e1 fotografie vypadala st\u00e1le p\u0159irozen\u011b. P\u0159i velikosti fotky 15 x 21 cm u\u017e je toho hodn\u011b vid\u011bt a&nbsp;\u010dlov\u011bk si mus\u00ed d\u00e1t trochu z\u00e1le\u017eet. Proto to trochu trv\u00e1, ale v\u011b\u0159te, \u017ee se to vyplat\u00ed.<\/p>\n<h4>\u00ad<\/h4>\n<h5>Co kdy\u017e nechceme tr\u00e1vit \u010das vyb\u00edr\u00e1n\u00edm fotek k\u00a0retu\u0161\u00edm?<\/h5>\n<p>Pak s\u00a0Va\u0161im svolen\u00edm, vyberu fotografie pro retu\u0161e a&nbsp;tisk dle sv\u00e9ho nejlep\u0161\u00edho uv\u00e1\u017een\u00ed za&nbsp;V\u00e1s.<\/p>\n<h4>\u00ad<\/h4>\n<h5>Pokud budeme cht\u00edt fotoknihu, za&nbsp;jak dlouho bude hotova?<\/h5>\n<p>Fotoknihy tvo\u0159\u00edm tak, aby v&nbsp;nich p\u0159\u00edb\u011bh Va\u0161eho skv\u011bl\u00e9ho dne p\u0159\u00edjemn\u011b plynul a&nbsp;nikdo se u&nbsp;toho nenudil. Bohu\u017eel to chv\u00edli trv\u00e1. Tak\u00e9 proto, \u017ee ka\u017edou fotografii retu\u0161uji a&nbsp;ru\u010dn\u011b umis\u0165uji na&nbsp;str\u00e1nky knihy. Va\u0161i fotoknihu netvo\u0159\u00edm automaticky tak, \u017ee bych do&nbsp;n\u00ed jen nasypal ur\u010dit\u00fd po\u010det fotek stejn\u00e9 velikosti. Ka\u017edou fotoknihu vybrous\u00edm a&nbsp;vylad\u00edm do&nbsp;brilantn\u00ed podoby. Proto to mnohdy trv\u00e1 i&nbsp;m\u011bs\u00edc. U&nbsp;velk\u00fdch fotoknih i&nbsp;d\u00e9le.<\/p>\n<h4>\u00ad<\/h4>\n<h5>Uve\u0159ej\u0148ujete n\u011bkde fotky ze svateb?<\/h5>\n<p>Jen s&nbsp;Va\u0161im souhlasem. Ve&nbsp;sv\u00e9m webov\u00e9m portfoliu. A&nbsp;uve\u0159ej\u0148uji pouze vyretu\u0161ovan\u00e9 fotky. Pokud mi \u0159eknete, \u017ee nechcete, abych kdekoli zve\u0159ej\u0148oval kteroukoli fotografii z&nbsp;Va\u0161\u00ed svatby, pak Va\u0161e rozhodnut\u00ed budu ct\u00edt a&nbsp;dr\u017eet se jej (i kdyby se mi fotografie z&nbsp;Va\u0161i svatby moc hodili do&nbsp;m\u00e9 prezentace). Pokud nap\u00ed\u0161u \u010dl\u00e1nek o&nbsp;Va\u0161\u00ed svatb\u011b do&nbsp;sv\u00e9ho blogu, pak V\u00e1m jej po\u0161lu je\u0161t\u011b p\u0159ed jeho uve\u0159ejn\u011bn\u00edm, jestli s&nbsp;n\u00edm souhlas\u00edte, a&nbsp;uve\u0159ejn\u00edm jej a\u017e po&nbsp;va\u0161em souhlasu.<br \/>\nV\u017edy db\u00e1m o&nbsp;dobrou pov\u011bst sv\u00fdch z\u00e1kazn\u00edk\u016f.<\/p>\n","protected":false},"excerpt":{"rendered":"<p>V\u0161echno, na&nbsp;co jste se cht\u011bli svatebn\u00edho fotografa zeptat \u00ad Jak V\u00e1s m\u016f\u017eu kontaktovat? Nejl\u00e9pe pomoc\u00ed e-mailu na&nbsp;foto@jandokoupil.cz, kde nap\u00ed\u0161ete term\u00edn Va\u0161\u00ed svatby, co si p\u0159ejete, abych vyfotil (v kostce), nebo vybran\u00fd bal\u00ed\u010dek slu\u017eeb. M\u016f\u017eete mi samoz\u0159ejm\u011b i&nbsp;zavolat na&nbsp;737 462 374. Ka\u017edop\u00e1dn\u011b, kdy\u017e mi cokoli nap\u00ed\u0161ete, ozvu se V\u00e1m zp\u00e1tky. Netrapte se pros\u00edm s&nbsp;formou ani stylem, [&hellip;]<\/p>\n","protected":false},"author":1,"featured_media":0,"parent":0,"menu_order":0,"comment_status":"closed","ping_status":"closed","template":"","meta":{"footnotes":""},"class_list":["post-958","page","type-page","status-publish","hentry"],"yoast_head":"<!-- This site is optimized with the Yoast SEO plugin v25.0 - https:\/\/yoast.com\/wordpress\/plugins\/seo\/ -->\n<title>FAQ - svatby - Jan Dokoupil - fotograf - Vala\u0161sk\u00e9 Mezi\u0159\u00ed\u010d\u00ed<\/title>\n<meta name=\"description\" content=\"Odpov\u011bd\u00ed na Va\u0161e nej\u010dast\u011bj\u0161\u00ed ot\u00e1zky k svatebn\u00edmu fotografov\u00e1n\u00ed naleznete na tomto m\u00edst\u011b.\" \/>\n<meta name=\"robots\" content=\"index, follow, max-snippet:-1, max-image-preview:large, max-video-preview:-1\" \/>\n<link rel=\"canonical\" href=\"https:\/\/jandokoupil.cz\/domains\/jandokoupil.cz\/faq-svatby\/\" \/>\n<meta property=\"og:locale\" content=\"cs_CZ\" \/>\n<meta property=\"og:type\" content=\"article\" \/>\n<meta property=\"og:title\" content=\"FAQ - svatby - Jan Dokoupil - fotograf - Vala\u0161sk\u00e9 Mezi\u0159\u00ed\u010d\u00ed\" \/>\n<meta property=\"og:description\" content=\"Odpov\u011bd\u00ed na Va\u0161e nej\u010dast\u011bj\u0161\u00ed ot\u00e1zky k svatebn\u00edmu fotografov\u00e1n\u00ed naleznete na tomto m\u00edst\u011b.\" \/>\n<meta property=\"og:url\" content=\"https:\/\/jandokoupil.cz\/domains\/jandokoupil.cz\/faq-svatby\/\" \/>\n<meta property=\"og:site_name\" content=\"Jan Dokoupil - fotograf - Vala\u0161sk\u00e9 Mezi\u0159\u00ed\u010d\u00ed\" \/>\n<meta property=\"article:modified_time\" content=\"2024-01-03T08:59:05+00:00\" \/>\n<meta name=\"twitter:card\" content=\"summary_large_image\" \/>\n<meta name=\"twitter:label1\" content=\"Odhadovan\u00e1 doba \u010dten\u00ed\" \/>\n\t<meta name=\"twitter:data1\" content=\"5 minut\" \/>\n<script type=\"application\/ld+json\" class=\"yoast-schema-graph\">{\"@context\":\"https:\/\/schema.org\",\"@graph\":[{\"@type\":\"WebPage\",\"@id\":\"https:\/\/jandokoupil.cz\/domains\/jandokoupil.cz\/faq-svatby\/\",\"url\":\"https:\/\/jandokoupil.cz\/domains\/jandokoupil.cz\/faq-svatby\/\",\"name\":\"FAQ - svatby - Jan Dokoupil - fotograf - Vala\u0161sk\u00e9 Mezi\u0159\u00ed\u010d\u00ed\",\"isPartOf\":{\"@id\":\"https:\/\/jandokoupil.cz\/domains\/jandokoupil.cz\/#website\"},\"datePublished\":\"2022-10-16T17:36:07+00:00\",\"dateModified\":\"2024-01-03T08:59:05+00:00\",\"description\":\"Odpov\u011bd\u00ed na Va\u0161e nej\u010dast\u011bj\u0161\u00ed ot\u00e1zky k svatebn\u00edmu fotografov\u00e1n\u00ed naleznete na tomto m\u00edst\u011b.\",\"breadcrumb\":{\"@id\":\"https:\/\/jandokoupil.cz\/domains\/jandokoupil.cz\/faq-svatby\/#breadcrumb\"},\"inLanguage\":\"cs\",\"potentialAction\":[{\"@type\":\"ReadAction\",\"target\":[\"https:\/\/jandokoupil.cz\/domains\/jandokoupil.cz\/faq-svatby\/\"]}]},{\"@type\":\"BreadcrumbList\",\"@id\":\"https:\/\/jandokoupil.cz\/domains\/jandokoupil.cz\/faq-svatby\/#breadcrumb\",\"itemListElement\":[{\"@type\":\"ListItem\",\"position\":1,\"name\":\"Dom\u016f\",\"item\":\"https:\/\/jandokoupil.cz\/domains\/jandokoupil.cz\/\"},{\"@type\":\"ListItem\",\"position\":2,\"name\":\"FAQ &#8211; svatby\"}]},{\"@type\":\"WebSite\",\"@id\":\"https:\/\/jandokoupil.cz\/domains\/jandokoupil.cz\/#website\",\"url\":\"https:\/\/jandokoupil.cz\/domains\/jandokoupil.cz\/\",\"name\":\"Jan Dokoupil - fotograf - Vala\u0161sk\u00e9 Mezi\u0159\u00ed\u010d\u00ed\",\"description\":\"Svatebn\u00ed, portr\u00e9tn\u00ed a report\u00e1\u017en\u00ed fotograf z Vala\u0161sk\u00e9ho Mezi\u0159\u00ed\u010d\u00ed\",\"publisher\":{\"@id\":\"https:\/\/jandokoupil.cz\/domains\/jandokoupil.cz\/#\/schema\/person\/04117bbee5ba0265e2a8c88262d6233a\"},\"potentialAction\":[{\"@type\":\"SearchAction\",\"target\":{\"@type\":\"EntryPoint\",\"urlTemplate\":\"https:\/\/jandokoupil.cz\/domains\/jandokoupil.cz\/?s={search_term_string}\"},\"query-input\":{\"@type\":\"PropertyValueSpecification\",\"valueRequired\":true,\"valueName\":\"search_term_string\"}}],\"inLanguage\":\"cs\"},{\"@type\":[\"Person\",\"Organization\"],\"@id\":\"https:\/\/jandokoupil.cz\/domains\/jandokoupil.cz\/#\/schema\/person\/04117bbee5ba0265e2a8c88262d6233a\",\"name\":\"Jan Dokoupil\",\"image\":{\"@type\":\"ImageObject\",\"inLanguage\":\"cs\",\"@id\":\"https:\/\/jandokoupil.cz\/domains\/jandokoupil.cz\/#\/schema\/person\/image\/\",\"url\":\"http:\/\/jandokoupil.cz\/domains\/jandokoupil.cz\/wp-content\/uploads\/2017\/01\/cropped-fav2.jpg\",\"contentUrl\":\"http:\/\/jandokoupil.cz\/domains\/jandokoupil.cz\/wp-content\/uploads\/2017\/01\/cropped-fav2.jpg\",\"width\":512,\"height\":512,\"caption\":\"Jan Dokoupil\"},\"logo\":{\"@id\":\"https:\/\/jandokoupil.cz\/domains\/jandokoupil.cz\/#\/schema\/person\/image\/\"}}]}<\/script>\n<!-- \/ Yoast SEO plugin. -->","yoast_head_json":{"title":"FAQ - svatby - Jan Dokoupil - fotograf - Vala\u0161sk\u00e9 Mezi\u0159\u00ed\u010d\u00ed","description":"Odpov\u011bd\u00ed na Va\u0161e nej\u010dast\u011bj\u0161\u00ed ot\u00e1zky k svatebn\u00edmu fotografov\u00e1n\u00ed naleznete na tomto m\u00edst\u011b.","robots":{"index":"index","follow":"follow","max-snippet":"max-snippet:-1","max-image-preview":"max-image-preview:large","max-video-preview":"max-video-preview:-1"},"canonical":"https:\/\/jandokoupil.cz\/domains\/jandokoupil.cz\/faq-svatby\/","og_locale":"cs_CZ","og_type":"article","og_title":"FAQ - svatby - Jan Dokoupil - fotograf - Vala\u0161sk\u00e9 Mezi\u0159\u00ed\u010d\u00ed","og_description":"Odpov\u011bd\u00ed na Va\u0161e nej\u010dast\u011bj\u0161\u00ed ot\u00e1zky k svatebn\u00edmu fotografov\u00e1n\u00ed naleznete na tomto m\u00edst\u011b.","og_url":"https:\/\/jandokoupil.cz\/domains\/jandokoupil.cz\/faq-svatby\/","og_site_name":"Jan Dokoupil - fotograf - Vala\u0161sk\u00e9 Mezi\u0159\u00ed\u010d\u00ed","article_modified_time":"2024-01-03T08:59:05+00:00","twitter_card":"summary_large_image","twitter_misc":{"Odhadovan\u00e1 doba \u010dten\u00ed":"5 minut"},"schema":{"@context":"https:\/\/schema.org","@graph":[{"@type":"WebPage","@id":"https:\/\/jandokoupil.cz\/domains\/jandokoupil.cz\/faq-svatby\/","url":"https:\/\/jandokoupil.cz\/domains\/jandokoupil.cz\/faq-svatby\/","name":"FAQ - svatby - Jan Dokoupil - fotograf - Vala\u0161sk\u00e9 Mezi\u0159\u00ed\u010d\u00ed","isPartOf":{"@id":"https:\/\/jandokoupil.cz\/domains\/jandokoupil.cz\/#website"},"datePublished":"2022-10-16T17:36:07+00:00","dateModified":"2024-01-03T08:59:05+00:00","description":"Odpov\u011bd\u00ed na Va\u0161e nej\u010dast\u011bj\u0161\u00ed ot\u00e1zky k svatebn\u00edmu fotografov\u00e1n\u00ed naleznete na tomto m\u00edst\u011b.","breadcrumb":{"@id":"https:\/\/jandokoupil.cz\/domains\/jandokoupil.cz\/faq-svatby\/#breadcrumb"},"inLanguage":"cs","potentialAction":[{"@type":"ReadAction","target":["https:\/\/jandokoupil.cz\/domains\/jandokoupil.cz\/faq-svatby\/"]}]},{"@type":"BreadcrumbList","@id":"https:\/\/jandokoupil.cz\/domains\/jandokoupil.cz\/faq-svatby\/#breadcrumb","itemListElement":[{"@type":"ListItem","position":1,"name":"Dom\u016f","item":"https:\/\/jandokoupil.cz\/domains\/jandokoupil.cz\/"},{"@type":"ListItem","position":2,"name":"FAQ &#8211; svatby"}]},{"@type":"WebSite","@id":"https:\/\/jandokoupil.cz\/domains\/jandokoupil.cz\/#website","url":"https:\/\/jandokoupil.cz\/domains\/jandokoupil.cz\/","name":"Jan Dokoupil - fotograf - Vala\u0161sk\u00e9 Mezi\u0159\u00ed\u010d\u00ed","description":"Svatebn\u00ed, portr\u00e9tn\u00ed a report\u00e1\u017en\u00ed fotograf z Vala\u0161sk\u00e9ho Mezi\u0159\u00ed\u010d\u00ed","publisher":{"@id":"https:\/\/jandokoupil.cz\/domains\/jandokoupil.cz\/#\/schema\/person\/04117bbee5ba0265e2a8c88262d6233a"},"potentialAction":[{"@type":"SearchAction","target":{"@type":"EntryPoint","urlTemplate":"https:\/\/jandokoupil.cz\/domains\/jandokoupil.cz\/?s={search_term_string}"},"query-input":{"@type":"PropertyValueSpecification","valueRequired":true,"valueName":"search_term_string"}}],"inLanguage":"cs"},{"@type":["Person","Organization"],"@id":"https:\/\/jandokoupil.cz\/domains\/jandokoupil.cz\/#\/schema\/person\/04117bbee5ba0265e2a8c88262d6233a","name":"Jan Dokoupil","image":{"@type":"ImageObject","inLanguage":"cs","@id":"https:\/\/jandokoupil.cz\/domains\/jandokoupil.cz\/#\/schema\/person\/image\/","url":"http:\/\/jandokoupil.cz\/domains\/jandokoupil.cz\/wp-content\/uploads\/2017\/01\/cropped-fav2.jpg","contentUrl":"http:\/\/jandokoupil.cz\/domains\/jandokoupil.cz\/wp-content\/uploads\/2017\/01\/cropped-fav2.jpg","width":512,"height":512,"caption":"Jan Dokoupil"},"logo":{"@id":"https:\/\/jandokoupil.cz\/domains\/jandokoupil.cz\/#\/schema\/person\/image\/"}}]}},"_links":{"self":[{"href":"https:\/\/jandokoupil.cz\/domains\/jandokoupil.cz\/wp-json\/wp\/v2\/pages\/958"}],"collection":[{"href":"https:\/\/jandokoupil.cz\/domains\/jandokoupil.cz\/wp-json\/wp\/v2\/pages"}],"about":[{"href":"https:\/\/jandokoupil.cz\/domains\/jandokoupil.cz\/wp-json\/wp\/v2\/types\/page"}],"author":[{"embeddable":true,"href":"https:\/\/jandokoupil.cz\/domains\/jandokoupil.cz\/wp-json\/wp\/v2\/users\/1"}],"replies":[{"embeddable":true,"href":"https:\/\/jandokoupil.cz\/domains\/jandokoupil.cz\/wp-json\/wp\/v2\/comments?post=958"}],"version-history":[{"count":54,"href":"https:\/\/jandokoupil.cz\/domains\/jandokoupil.cz\/wp-json\/wp\/v2\/pages\/958\/revisions"}],"predecessor-version":[{"id":1030,"href":"https:\/\/jandokoupil.cz\/domains\/jandokoupil.cz\/wp-json\/wp\/v2\/pages\/958\/revisions\/1030"}],"wp:attachment":[{"href":"https:\/\/jandokoupil.cz\/domains\/jandokoupil.cz\/wp-json\/wp\/v2\/media?parent=958"}],"curies":[{"name":"wp","href":"https:\/\/api.w.org\/{rel}","templated":true}]}}